{"id":681,"date":"2013-09-11T16:48:48","date_gmt":"2013-09-11T13:48:48","guid":{"rendered":"http:\/\/atimures.ro\/?page_id=681"},"modified":"2013-09-22T10:40:08","modified_gmt":"2013-09-22T07:40:08","slug":"ceea-2013","status":"publish","type":"page","link":"https:\/\/atimures.ro\/?page_id=681","title":{"rendered":"CEEA 2013"},"content":{"rendered":"<p><a href=\"http:\/\/atimures.ro\/wp-content\/uploads\/2013\/09\/Lectori-2013.pdf\" target=\"_blank\">Lectori<\/a><\/p>\n<p><a href=\"http:\/\/atimures.ro\/wp-content\/uploads\/2013\/09\/program.pdf\" target=\"_blank\">Program<\/a><\/p>\n<p><a href=\"http:\/\/atimures.ro\/wp-content\/uploads\/2013\/09\/participanti-ceea.pdf\" target=\"_blank\">Participanti<\/a><\/p>\n<p><a href=\"http:\/\/atimures.ro\/wp-content\/uploads\/2013\/09\/organizatori.pdf\" target=\"_blank\">Organizatori<\/a><\/p>\n<p>Cursuri<\/p>\n<ul>\n<li><a href=\"http:\/\/atimures.ro\/wp-content\/uploads\/2013\/09\/Liviu-Aftinescu-Agenti-betablocanti.pdf\" target=\"_blank\">Liviu Cezar Aftinescu -Agen\u021bi beta blocan\u021bi<\/a><\/li>\n<li><a href=\"http:\/\/atimures.ro\/wp-content\/uploads\/2013\/09\/Leonard-Azamfirei-Protectia-cordului-ischemic-in-chirurgia-non-cardiaca.pdf\" target=\"_blank\">Leonard Azamfirei \u2013 Protec\u021bia cordului ischemic \u00een chirurgia non-cardiac\u0103<\/a><\/li>\n<li><a href=\"http:\/\/atimures.ro\/wp-content\/uploads\/2013\/09\/Nicolae-Bacalbasa-Continut-si-continator.pdf\" target=\"_blank\">Nicolae Bacalbasa &#8211; Raportul con\u0163inut\/con\u0163in\u0103tor al patului vascular &#8211; implica\u0163ii anestezice<\/a><\/li>\n<li><a href=\"http:\/\/atimures.ro\/wp-content\/uploads\/2013\/09\/Ovidiu-Bedreag-ACEi.pdf\" target=\"_blank\">Ovidiu Bedreag &#8211; Inhibitorii enzimei de conversie<\/a><\/li>\n<li><a href=\"http:\/\/atimures.ro\/wp-content\/uploads\/2013\/09\/Adrian-Belii-Repletia-volemica-la-pacientul-cu-edem-pulmonar-acut.pdf\" target=\"_blank\">Adrian Belai &#8211; Reple\u021bia volemic\u0103 la pacientul cu edem pulmonar acut<\/a><\/li>\n<li><a href=\"http:\/\/atimures.ro\/wp-content\/uploads\/2013\/09\/Constantin-Bodolea-Electrofiziologia-fibrei-miocardice.pdf\" target=\"_blank\">Constantin Bodolea &#8211; Electrofiziologia fibrei miocardice<\/a><\/li>\n<li><a href=\"http:\/\/atimures.ro\/wp-content\/uploads\/2013\/09\/Daniela-Cernea-Complica\u0163ii-cardiovasculare-perioperatorii.pdf\" target=\"_blank\">Daniela Cernea &#8211; Complica\u0163ii cardiovasculare\u00a0 perioperatorii<\/a><\/li>\n<li><a href=\"http:\/\/atimures.ro\/wp-content\/uploads\/2013\/09\/Sanda-Maria-Copotoiu-Tensiunea-arteriala.pdf\" target=\"_blank\">Sanda Maria Copotoiu &#8211; Tensiunea arterial\u0103<\/a><\/li>\n<li><a href=\"http:\/\/atimures.ro\/wp-content\/uploads\/2013\/09\/Janos-Gal-Anaesthesia-for-the-cardiac-patient-for-non-cardiac-surgery.pdf\" target=\"_blank\">Janos Gal &#8211; Anaesthesia for the cardiac patient for non-cardiac surgery\u00a0 &#8211; preoperative assessment<\/a><\/li>\n<li>Ioana Ghitescu \u2013 Epurarea extrarenal\u0103 \u015fi instabilitatea hemodinamic\u0103<\/li>\n<li><a href=\"http:\/\/atimures.ro\/wp-content\/uploads\/2013\/09\/Ioana-Grigoras-Glycocalix-physiology-and-pathology.pdf\" target=\"_blank\">Ioana Grigoras \u2013 Fiziologia \u0219i patologia glicocalixului<\/a><\/li>\n<li><a href=\"http:\/\/atimures.ro\/wp-content\/uploads\/2013\/09\/Ioana-Grintescu-Farmacologia-substantelor-medicamentoase-in-hipovolemie.pdf\" target=\"_blank\">Ioana Grintescu &#8211; Farmacologia substan\u021belor medicamentoase \u00een hipovolemie<\/a><\/li>\n<li><a href=\"http:\/\/atimures.ro\/wp-content\/uploads\/2013\/09\/Gabriel-Gurman-The-current-place-of-pulmonary-artery-catheter-in-clinical-practice.pdf\" target=\"_blank\">Gabriel Gurman &#8211; The current place of the pulmonary artery catheter in clinical practice<\/a><\/li>\n<li><a href=\"http:\/\/atimures.ro\/wp-content\/uploads\/2013\/09\/Gabriel-Gurman-Deliberate-hypotension.pdf\" target=\"_blank\">Gabriel Gurman &#8211; Deliberate hypotension<\/a><\/li>\n<li><a href=\"http:\/\/atimures.ro\/wp-content\/uploads\/2013\/09\/Natalia-Hagau-Monitorizarea-hemodianamica.pdf\" target=\"_blank\">Natalia Hagau &#8211; Monitorizarea hemodinamic\u0103<\/a><\/li>\n<li><a href=\"http:\/\/atimures.ro\/wp-content\/uploads\/2013\/09\/Daniela-Ionescu-Alfa-2-agonistii-farmacologie-si-implicatii-clinice.pdf\" target=\"_blank\">Daniela Ionescu &#8211; Alfa-2 agoni\u0219tii &#8211; farmacologie \u0219i implica\u021bii clinice<\/a><\/li>\n<li><a href=\"http:\/\/atimures.ro\/wp-content\/uploads\/2013\/09\/Judith-Kovacs-Debitul-cardiac.pdf\" target=\"_blank\">Judit Kovacs &#8211; Debitul cardiac<\/a><\/li>\n<li><a href=\"http:\/\/atimures.ro\/wp-content\/uploads\/2013\/09\/Krisztina-Madach-Special-features-of-cardiogenic-failure-in-sepsis.pdf\" target=\"_blank\">Kristina Madach \u2013 Intensive care for cardiovascular failure: special features of cardiogenic failure in sepsis<\/a><\/li>\n<li><a href=\"http:\/\/atimures.ro\/wp-content\/uploads\/2013\/09\/Ioana-Marinica-Hemostaza-si-transfuzia-in-chirurgia-cardiovasculara.pdf\" target=\"_blank\">Ioana Marinica \u2013 Hemostaza si transfuzia \u00een chirurgia cardiovascular\u0103<\/a><\/li>\n<li><a href=\"http:\/\/atimures.ro\/wp-content\/uploads\/2013\/09\/Simona-Margarit-IMA-perioperator-fiziopatologie-diagnostic-tratament.pdf\" target=\"_blank\">Simona Margarit \u2013 IMA perioperator: fiziopatologie, diagnostic, management<\/a><\/li>\n<li><a href=\"http:\/\/atimures.ro\/wp-content\/uploads\/2013\/09\/Calin-Mitre-Electrostimularea-cardiaca.pdf\" target=\"_blank\">Calin Mitre\u00a0\u2013 Electrostimularea cardiac\u0103<\/a><\/li>\n<li><a href=\"http:\/\/atimures.ro\/wp-content\/uploads\/2013\/09\/Marius-Papurica-Trombembolia-pulmonara.pdf\" target=\"_blank\">Marius Papurica \u2013 Trombembolia pulmonar\u0103<\/a><\/li>\n<li><a href=\"http:\/\/atimures.ro\/wp-content\/uploads\/2013\/09\/Florea-purcaru-Agenti-inotropi.pdf\" target=\"_blank\">Florea Purcaru &#8211; Farmacologia\u00a0 medicamentelor\u00a0 cardiovasculare &#8211; agen\u0163i inoptropici<\/a><\/li>\n<li><a href=\"http:\/\/atimures.ro\/wp-content\/uploads\/2013\/09\/Andrei-Schwartz-The-cardiogenic-shock-what-is-new-in-the-treatment.pdf\" target=\"_blank\">Andrei Schwartz &#8211; The cardiogenic shock &#8211; what is new in a treatment ?<\/a><\/li>\n<li><a href=\"http:\/\/atimures.ro\/wp-content\/uploads\/2013\/09\/Raluca-Solomon-Anestezia-in-chirurgia-aortei.pdf\" target=\"_blank\">Raluca Solomon &#8211; Anestezia pentru chirurgia aortei<\/a><\/li>\n<li><a href=\"http:\/\/atimures.ro\/wp-content\/uploads\/2013\/09\/Radu-Stoica-Investigatia-cardio-vasculara-in-chirurgia-toracica.pdf\" target=\"_blank\">Radu Stoica &#8211; Investiga\u0163ia cardio-vascular\u0103 \u00een chirurgia toracic\u0103<\/a><\/li>\n<li><a href=\"http:\/\/atimures.ro\/wp-content\/uploads\/2013\/09\/Janos-Szederjesi-Anestezia-pentru-procedurile-cardiologice-invazive.pdf\" target=\"_blank\">Janos Szederjesi &#8211; Anestezia pentru procedurile cardiologice invazive<\/a><\/li>\n<li><a href=\"http:\/\/atimures.ro\/wp-content\/uploads\/2013\/09\/Octavian-Teodorescu-Blocantii-canalelor-de-calciu-si-statinele.pdf\" target=\"_blank\">Octavian Teodorescu &#8211; Blocan\u021bii canalelor de Ca \u0219i statinele la cardiacii supu\u0219i interven\u021biilor non-cardiace<\/a><\/li>\n<li><a href=\"http:\/\/atimures.ro\/wp-content\/uploads\/2013\/09\/Cristina-Tudor-Chirurgia-carotidei-monitorizare.pdf\" target=\"_blank\">Cristina Tudor &#8211; Chirurgia carotidei, monitorizare complex\u0103 intraoperatorie<\/a><\/li>\n<li><a href=\"http:\/\/atimures.ro\/wp-content\/uploads\/2013\/09\/Claudiu-Zdrehus-Anestezia-pt-endarterectomia-carotidiana.pdf\" target=\"_blank\">Claudiu Zdrehus \u2013 Anestezia pentru endarterectomia carotidian\u0103<\/a><\/li>\n<\/ul>\n<p>&nbsp;<\/p>\n<p>Mul\u021bumim pentru ajutor tuturor celor care ne-au oferit suport (Kattus, Medist, Fresenius, Abott, BBraun, Pfizer, Aliat, etc.).<\/p>\n","protected":false},"excerpt":{"rendered":"<p>Lectori Program Participanti Organizatori Cursuri Liviu Cezar Aftinescu -Agen\u021bi beta blocan\u021bi Leonard Azamfirei \u2013 Protec\u021bia cordului ischemic \u00een chirurgia non-cardiac\u0103 Nicolae Bacalbasa &#8211; Raportul con\u0163inut\/con\u0163in\u0103tor al patului vascular &#8211; implica\u0163ii anestezice Ovidiu Bedreag &#8211; Inhibitorii enzimei de conversie Adrian Belai &hellip; <a href=\"https:\/\/atimures.ro\/?page_id=681\">Continue reading <span class=\"meta-nav\">&rarr;<\/span><\/a><\/p>\n","protected":false},"author":2,"featured_media":0,"parent":16,"menu_order":0,"comment_status":"closed","ping_status":"closed","template":"","meta":{"footnotes":""},"class_list":["post-681","page","type-page","status-publish","hentry"],"_links":{"self":[{"href":"https:\/\/atimures.ro\/index.php?rest_route=\/wp\/v2\/pages\/681","targetHints":{"allow":["GET"]}}],"collection":[{"href":"https:\/\/atimures.ro\/index.php?rest_route=\/wp\/v2\/pages"}],"about":[{"href":"https:\/\/atimures.ro\/index.php?rest_route=\/wp\/v2\/types\/page"}],"author":[{"embeddable":true,"href":"https:\/\/atimures.ro\/index.php?rest_route=\/wp\/v2\/users\/2"}],"replies":[{"embeddable":true,"href":"https:\/\/atimures.ro\/index.php?rest_route=%2Fwp%2Fv2%2Fcomments&post=681"}],"version-history":[{"count":19,"href":"https:\/\/atimures.ro\/index.php?rest_route=\/wp\/v2\/pages\/681\/revisions"}],"predecessor-version":[{"id":683,"href":"https:\/\/atimures.ro\/index.php?rest_route=\/wp\/v2\/pages\/681\/revisions\/683"}],"up":[{"embeddable":true,"href":"https:\/\/atimures.ro\/index.php?rest_route=\/wp\/v2\/pages\/16"}],"wp:attachment":[{"href":"https:\/\/atimures.ro\/index.php?rest_route=%2Fwp%2Fv2%2Fmedia&parent=681"}],"curies":[{"name":"wp","href":"https:\/\/api.w.org\/{rel}","templated":true}]}}