{"id":579,"date":"2013-03-27T11:12:33","date_gmt":"2013-03-27T09:12:33","guid":{"rendered":"http:\/\/atimures.ro\/?page_id=579"},"modified":"2013-04-27T10:24:18","modified_gmt":"2013-04-27T07:24:18","slug":"amg-iv-lm-tti","status":"publish","type":"page","link":"https:\/\/atimures.ro\/?page_id=579","title":{"rendered":"AMG IV LM TTI"},"content":{"rendered":"<p>1. <a href=\"http:\/\/atimures.ro\/wp-content\/uploads\/2013\/03\/AMG-IV-LM-TTI-1.pdf\" target=\"_blank\">Anest\u00e9zia<\/a><\/p>\n<p>2. <a href=\"http:\/\/atimures.ro\/wp-content\/uploads\/2013\/03\/AMG-IV-LM-TTI-2.pdf\" target=\"_blank\">L\u00e9gz\u00e9s<\/a><\/p>\n<p>3. <a href=\"http:\/\/atimures.ro\/wp-content\/uploads\/2013\/03\/AMG-IV-LM-TTI-3.pdf\" target=\"_blank\">Kardiovaszkul\u00e1ris<\/a><\/p>\n<p>4. <a href=\"http:\/\/atimures.ro\/wp-content\/uploads\/2013\/03\/AMG-IV-LM-TTI-4.pdf\" target=\"_blank\">Vese<\/a><\/p>\n<p>5. <a href=\"http:\/\/atimures.ro\/wp-content\/uploads\/2013\/03\/AMG-IV-LM-TTI-5.pdf\" target=\"_blank\">Gasztrointesztinalis rendszer<\/a><\/p>\n<p>6. <a href=\"http:\/\/atimures.ro\/wp-content\/uploads\/2013\/03\/AMG-IV-LM-TTI-6.pdf\" target=\"_blank\">Neurologiai betegsegek<\/a><\/p>\n<p>7. <a href=\"http:\/\/atimures.ro\/wp-content\/uploads\/2013\/03\/AMG-IV-LM-TTI-7.pdf\" target=\"_blank\">Hoszabalyzas, posztop<\/a><\/p>\n","protected":false},"excerpt":{"rendered":"<p>1. Anest\u00e9zia 2. L\u00e9gz\u00e9s 3. Kardiovaszkul\u00e1ris 4. Vese 5. Gasztrointesztinalis rendszer 6. Neurologiai betegsegek 7. Hoszabalyzas, posztop<\/p>\n","protected":false},"author":2,"featured_media":0,"parent":175,"menu_order":0,"comment_status":"closed","ping_status":"closed","template":"","meta":{"footnotes":""},"class_list":["post-579","page","type-page","status-publish","hentry"],"_links":{"self":[{"href":"https:\/\/atimures.ro\/index.php?rest_route=\/wp\/v2\/pages\/579","targetHints":{"allow":["GET"]}}],"collection":[{"href":"https:\/\/atimures.ro\/index.php?rest_route=\/wp\/v2\/pages"}],"about":[{"href":"https:\/\/atimures.ro\/index.php?rest_route=\/wp\/v2\/types\/page"}],"author":[{"embeddable":true,"href":"https:\/\/atimures.ro\/index.php?rest_route=\/wp\/v2\/users\/2"}],"replies":[{"embeddable":true,"href":"https:\/\/atimures.ro\/index.php?rest_route=%2Fwp%2Fv2%2Fcomments&post=579"}],"version-history":[{"count":7,"href":"https:\/\/atimures.ro\/index.php?rest_route=\/wp\/v2\/pages\/579\/revisions"}],"predecessor-version":[{"id":582,"href":"https:\/\/atimures.ro\/index.php?rest_route=\/wp\/v2\/pages\/579\/revisions\/582"}],"up":[{"embeddable":true,"href":"https:\/\/atimures.ro\/index.php?rest_route=\/wp\/v2\/pages\/175"}],"wp:attachment":[{"href":"https:\/\/atimures.ro\/index.php?rest_route=%2Fwp%2Fv2%2Fmedia&parent=579"}],"curies":[{"name":"wp","href":"https:\/\/api.w.org\/{rel}","templated":true}]}}