{"id":44,"date":"2012-09-26T14:53:14","date_gmt":"2012-09-26T11:53:14","guid":{"rendered":"http:\/\/atimures.ro\/?page_id=44"},"modified":"2012-10-18T15:50:29","modified_gmt":"2012-10-18T12:50:29","slug":"ceea-2012","status":"publish","type":"page","link":"https:\/\/atimures.ro\/?page_id=44","title":{"rendered":"CEEA 2012"},"content":{"rendered":"<p>&nbsp;<\/p>\n<p><a href=\"http:\/\/atimures.ro\/wp-content\/uploads\/2012\/09\/lectori-2012.pdf\" target=\"_blank\">Lectori<\/a><\/p>\n<p><a href=\"http:\/\/atimures.ro\/wp-content\/uploads\/2012\/09\/partic-2012.pdf\" target=\"_blank\">Participan\u021bi<\/a><\/p>\n<p><a href=\"http:\/\/atimures.ro\/wp-content\/uploads\/2012\/09\/program-final.pdf\" target=\"_blank\">Program<\/a><\/p>\n<p>Cursuri<\/p>\n<ul>\n<li>Calin Mitre &#8211; Capnometria<\/li>\n<li><a href=\"http:\/\/atimures.ro\/wp-content\/uploads\/2012\/09\/Radu-Stoica-Ventilatia-unipulmonara.pdf\" target=\"_blank\">Radu Stoica &#8211; Ventilatia unipulmonara<\/a><\/li>\n<li><a href=\"http:\/\/atimures.ro\/wp-content\/uploads\/2012\/09\/Radu-Tabacaru-Particularitati-ale-sistemului-respirator-la-copil.pdf\" target=\"_blank\">Radu Tabacaru &#8211; Particularitati ale sistemului respirator la copil<\/a><\/li>\n<li><a href=\"http:\/\/atimures.ro\/wp-content\/uploads\/2012\/09\/Sanda-Maria-Copotoiu-Fiziologia-respiratiei.pdf\" target=\"_blank\">Sanda Maria Copotoiu &#8211; Fiziologia respiratiei<\/a><\/li>\n<li>Silviu Dascalescu &#8211; Monitorizarea respiratorie si cardiovasculara in chirurgia toracica<\/li>\n<li><a href=\"http:\/\/atimures.ro\/wp-content\/uploads\/2012\/09\/Janos-Gal-The-indication-of-noninvasive-ventilation-in-heart-failure-G\u00e1l-TirguMures.pdf\" target=\"_blank\">Janos Gal &#8211; The indication of noninvasive ventilation in heart failure<\/a><\/li>\n<li><a href=\"http:\/\/atimures.ro\/wp-content\/uploads\/2012\/09\/Judith-Kovacs-EPA.pdf\" target=\"_blank\">Judith Kovacs &#8211; Edemul pulmonar acut<\/a><\/li>\n<li><a href=\"http:\/\/atimures.ro\/wp-content\/uploads\/2012\/09\/Kristina-Madach-Weaning-with-noninvasive-ventilation-Mad\u00e1ch-Marosv\u00e1s\u00e1rhely2012.pdf\" target=\"_blank\">Kristina Madach &#8211; Weaning with noninvasive ventilation<\/a><\/li>\n<li>Nicolae Bacalbasa &#8211; Accidente si incidente in anestezia din chirurgia toracica<\/li>\n<li><a href=\"http:\/\/atimures.ro\/wp-content\/uploads\/2012\/09\/Daniela-Ionescu-Raspuns-inflamator-in-ARDS.pdf\" target=\"_blank\">Daniela Ionescu &#8211; Raspuns inflamator in ARDS<\/a><\/li>\n<li><a href=\"http:\/\/atimures.ro\/wp-content\/uploads\/2012\/09\/Dorel-Sandesc-Ventilatia-mecanica-in-patologia-respiratorie-obstructiva.pdf\" target=\"_blank\">Dorel Sandesc &#8211; Ventilatia mecanica in patologia respiratorie obstructiva<\/a><\/li>\n<li>Ioana Grintescu &#8211; Tratamentul ARDS<\/li>\n<li><a href=\"http:\/\/atimures.ro\/wp-content\/uploads\/2012\/09\/Leonard-Azamfirei-Abordarea-crizei-severe-de-astm.pdf\" target=\"_blank\">Leonard Azamfirei &#8211; Abordarea crizei severe de astm<\/a><\/li>\n<li><a href=\"http:\/\/atimures.ro\/wp-content\/uploads\/2012\/09\/Luminita-Chiutu-Fiziologia-respiratiei-schimburile-gazoase.pdf\" target=\"_blank\">Luminita Chiutu &#8211; Fiziologia respiratiei, schimburile gazoase<\/a><\/li>\n<li><a href=\"http:\/\/atimures.ro\/wp-content\/uploads\/2012\/09\/Claudiu-Zdrehus-Sistemele-respiratorii-anestezice.pdf\" target=\"_blank\">Claudiu Zdrehus &#8211; Sistemele respiratorii anestezice<\/a><\/li>\n<li><a href=\"http:\/\/atimures.ro\/wp-content\/uploads\/2012\/09\/Daniela-Cernea-Monitorizarea-gazelor-anestezice-\u00een-chirurgia-toracic\u0103.pdf\" target=\"_blank\">Daniela Cernea &#8211; Monitorizarea gazelor anestezice \u00een chirurgia toracic\u0103<\/a><\/li>\n<li><a href=\"http:\/\/http:\/\/atimures.ro\/wp-content\/uploads\/2012\/09\/Florea-Purcaru-SEVRAJUL-DE-VENTILATOR.pdf\" target=\"_blank\">Florea Purcaru &#8211; Sevrajul de ventilator<\/a><\/li>\n<li><a href=\"http:\/\/atimures.ro\/wp-content\/uploads\/2012\/09\/Sanda-Maria-Copotoiu-Vaporizoarele.pdf\" target=\"_blank\">Sanda Maria Copotoiu &#8211; Vaporizoarele<\/a><\/li>\n<li><a href=\"http:\/\/atimures.ro\/wp-content\/uploads\/2012\/09\/Simona-Margarit-Anestezia-in-chirurgia-esofagului.pdf\" target=\"_blank\">Simona Margarit &#8211; Anestezia in chirurgia esofagului<\/a><\/li>\n<li><a href=\"http:\/\/atimures.ro\/wp-content\/uploads\/2012\/09\/Andrei-Schwarts-ARDS-Berlin-Definition.pdf\" target=\"_blank\">Andrei Schwarts &#8211; ARDS Berlin Definition<\/a><\/li>\n<li><a href=\"http:\/\/atimures.ro\/wp-content\/uploads\/2012\/09\/Bruce-Leone-Pulmonary-Hypertension.pdf\" target=\"_blank\">Bruce Leone &#8211; Pulmonary Hypertension<\/a><\/li>\n<li><a href=\"http:\/\/atimures.ro\/wp-content\/uploads\/2012\/09\/Brull-CEEA-Romania-Lecture-pptx.pdf\" target=\"_blank\">Sorin Brull-CEEA Romania Lecture<\/a><\/li>\n<li><a href=\"http:\/\/atimures.ro\/wp-content\/uploads\/2012\/09\/Clendenen-pulm-us1.pdf\" target=\"_blank\">Steven Clendenen- Pulmonary ultrasound<\/a><\/li>\n<li><a href=\"http:\/\/atimures.ro\/wp-content\/uploads\/2012\/09\/Gabriel-Gurman-How-to-prepare-an-asthmatic-patient-for-surgery.pdf\" target=\"_blank\">Gabriel Gurman &#8211; How to prepare an asthmatic patient for surgery<\/a><\/li>\n<li><a href=\"http:\/\/atimures.ro\/wp-content\/uploads\/2012\/09\/Gabriel-Gurman-Prevention-of-ventilator-related-pneumonia.pdf\" target=\"_blank\">Gabriel Gurman &#8211; Prevention of ventilator related pneumonia<\/a><\/li>\n<li><a href=\"http:\/\/atimures.ro\/wp-content\/uploads\/2012\/09\/Gabriel-Grigorescu-Fibrobronhoscopia.pdf\" target=\"_blank\">Gabriel Grigorescu &#8211; Fibrobronhoscopia<\/a><\/li>\n<li><a href=\"http:\/\/atimures.ro\/wp-content\/uploads\/2012\/09\/Janos-Szederjesi-Intubatia-videoasistata.pdf\" target=\"_blank\">Janos Szederjesi &#8211; Intubatia videoasistata<\/a><\/li>\n<li><a href=\"http:\/\/atimures.ro\/wp-content\/uploads\/2012\/09\/Judith-Kovacs-Anestezia-la-pacien\u0163ii-cu-pace-maker-defibrilator.pdf\" target=\"_blank\">Judith Kovacs &#8211; Anestezia la pacien\u0163ii cu pace maker, defibrilator<\/a><\/li>\n<li>Nicolae Bacalbasa &#8211; Oximetria in anestezie si terapie intensiva<\/li>\n<li><a href=\"http:\/\/atimures.ro\/wp-content\/uploads\/2012\/09\/Florea-Purcaru-SEVRAJUL-DE-VENTILATOR.pdf\" target=\"_blank\">Octavian Teodorescu &#8211; Apneea de somn<\/a><\/li>\n<li><a href=\"http:\/\/atimures.ro\/wp-content\/uploads\/2012\/09\/Raluca-Solomon-INVOS-substrat-indicatii-perspective.pdf\" target=\"_blank\">Raluca Solomon &#8211; INVOS substrat, indicatii, perspective<\/a><\/li>\n<\/ul>\n<p>&nbsp;<\/p>\n<p>&nbsp;<\/p>\n<p align=\"left\"><strong>Cursul a fost finan\u021bat de Unitatea Executiv\u0103 pentru Finan\u0163area \u00cenv\u0103\u0163\u0103m\u00e2ntului Superior, Cercet\u0103rii, Dezvolt\u0103rii \u015fi Inov\u0103rii (UEFISCDI)<\/strong><\/p>\n<p><em>This work was supported by CNCS \u2013UEFISCDI, project number <\/em>PN-II-ID-WE-2012-4-072 <em>\/ 2012<\/em><\/p>\n<p>&nbsp;<\/p>\n","protected":false},"excerpt":{"rendered":"<p>&nbsp; Lectori Participan\u021bi Program Cursuri Calin Mitre &#8211; Capnometria Radu Stoica &#8211; Ventilatia unipulmonara Radu Tabacaru &#8211; Particularitati ale sistemului respirator la copil Sanda Maria Copotoiu &#8211; Fiziologia respiratiei Silviu Dascalescu &#8211; Monitorizarea respiratorie si cardiovasculara in chirurgia toracica Janos &hellip; <a href=\"https:\/\/atimures.ro\/?page_id=44\">Continue reading <span class=\"meta-nav\">&rarr;<\/span><\/a><\/p>\n","protected":false},"author":2,"featured_media":0,"parent":16,"menu_order":0,"comment_status":"closed","ping_status":"closed","template":"","meta":{"footnotes":""},"class_list":["post-44","page","type-page","status-publish","hentry"],"_links":{"self":[{"href":"https:\/\/atimures.ro\/index.php?rest_route=\/wp\/v2\/pages\/44","targetHints":{"allow":["GET"]}}],"collection":[{"href":"https:\/\/atimures.ro\/index.php?rest_route=\/wp\/v2\/pages"}],"about":[{"href":"https:\/\/atimures.ro\/index.php?rest_route=\/wp\/v2\/types\/page"}],"author":[{"embeddable":true,"href":"https:\/\/atimures.ro\/index.php?rest_route=\/wp\/v2\/users\/2"}],"replies":[{"embeddable":true,"href":"https:\/\/atimures.ro\/index.php?rest_route=%2Fwp%2Fv2%2Fcomments&post=44"}],"version-history":[{"count":40,"href":"https:\/\/atimures.ro\/index.php?rest_route=\/wp\/v2\/pages\/44\/revisions"}],"predecessor-version":[{"id":417,"href":"https:\/\/atimures.ro\/index.php?rest_route=\/wp\/v2\/pages\/44\/revisions\/417"}],"up":[{"embeddable":true,"href":"https:\/\/atimures.ro\/index.php?rest_route=\/wp\/v2\/pages\/16"}],"wp:attachment":[{"href":"https:\/\/atimures.ro\/index.php?rest_route=%2Fwp%2Fv2%2Fmedia&parent=44"}],"curies":[{"name":"wp","href":"https:\/\/api.w.org\/{rel}","templated":true}]}}