{"id":329,"date":"2012-10-02T10:44:03","date_gmt":"2012-10-02T07:44:03","guid":{"rendered":"http:\/\/atimures.ro\/?page_id=329"},"modified":"2014-04-26T09:22:15","modified_gmt":"2014-04-26T06:22:15","slug":"upu-smurd","status":"publish","type":"page","link":"https:\/\/atimures.ro\/?page_id=329","title":{"rendered":"UPU-SMURD"},"content":{"rendered":"<p><a href=\"http:\/\/atimures.ro\/wp-content\/uploads\/2012\/09\/manual-prim-ajutor.pdf\" target=\"_blank\">Manual de prim ajutor calificat (SMUCR)<\/a><\/p>\n<p><a href=\"http:\/\/atimures.ro\/wp-content\/uploads\/2012\/09\/Full_ERC_2010_Guidelines.pdf\" target=\"_blank\">Ghidurile de resuscitare conform ERC<\/a> &#8211; limba englez\u0103<\/p>\n<p><a href=\"http:\/\/atimures.ro\/wp-content\/uploads\/2012\/10\/GhiduriERC2010.pdf\" target=\"_blank\">Ghidurile de resuscitare conform ERC tradus de CNRR (Consiliul Na\u021bional Rom\u00e2n de Resuscitare)<\/a> &#8211; limba rom\u00e2n\u0103<\/p>\n<p><a href=\"http:\/\/atimures.ro\/wp-content\/uploads\/2012\/10\/Curs-de-asistenta-medicala-de-urgenta-a-pacientului-traumatizat.pdf\" target=\"_blank\">Curs de asisten\u021b\u0103 medical\u0103 de urgen\u021b\u0103 a pacientului traumatizat<\/a><\/p>\n<p><a title=\"Emergency Trauma Care\" href=\"http:\/\/atimures.ro\/?page_id=849\">Emergency\u00a0Trauma Care<\/a><\/p>\n<p><a title=\"CPR\" href=\"http:\/\/atimures.ro\/?page_id=869\">Cardio-Pulmonary Resuscitation<\/a><\/p>\n<p>&nbsp;<\/p>\n<p>&nbsp;<\/p>\n<p>&nbsp;<\/p>\n","protected":false},"excerpt":{"rendered":"<p>Manual de prim ajutor calificat (SMUCR) Ghidurile de resuscitare conform ERC &#8211; limba englez\u0103 Ghidurile de resuscitare conform ERC tradus de CNRR (Consiliul Na\u021bional Rom\u00e2n de Resuscitare) &#8211; limba rom\u00e2n\u0103 Curs de asisten\u021b\u0103 medical\u0103 de urgen\u021b\u0103 a pacientului traumatizat Emergency\u00a0Trauma &hellip; <a href=\"https:\/\/atimures.ro\/?page_id=329\">Continue reading <span class=\"meta-nav\">&rarr;<\/span><\/a><\/p>\n","protected":false},"author":2,"featured_media":0,"parent":0,"menu_order":6,"comment_status":"closed","ping_status":"closed","template":"","meta":{"footnotes":""},"class_list":["post-329","page","type-page","status-publish","hentry"],"_links":{"self":[{"href":"https:\/\/atimures.ro\/index.php?rest_route=\/wp\/v2\/pages\/329","targetHints":{"allow":["GET"]}}],"collection":[{"href":"https:\/\/atimures.ro\/index.php?rest_route=\/wp\/v2\/pages"}],"about":[{"href":"https:\/\/atimures.ro\/index.php?rest_route=\/wp\/v2\/types\/page"}],"author":[{"embeddable":true,"href":"https:\/\/atimures.ro\/index.php?rest_route=\/wp\/v2\/users\/2"}],"replies":[{"embeddable":true,"href":"https:\/\/atimures.ro\/index.php?rest_route=%2Fwp%2Fv2%2Fcomments&post=329"}],"version-history":[{"count":10,"href":"https:\/\/atimures.ro\/index.php?rest_route=\/wp\/v2\/pages\/329\/revisions"}],"predecessor-version":[{"id":885,"href":"https:\/\/atimures.ro\/index.php?rest_route=\/wp\/v2\/pages\/329\/revisions\/885"}],"wp:attachment":[{"href":"https:\/\/atimures.ro\/index.php?rest_route=%2Fwp%2Fv2%2Fmedia&parent=329"}],"curies":[{"name":"wp","href":"https:\/\/api.w.org\/{rel}","templated":true}]}}