{"id":20,"date":"2012-09-26T12:15:25","date_gmt":"2012-09-26T09:15:25","guid":{"rendered":"http:\/\/atimures.ro\/?page_id=20"},"modified":"2012-12-10T22:45:16","modified_gmt":"2012-12-10T20:45:16","slug":"specialitate","status":"publish","type":"page","link":"https:\/\/atimures.ro\/?page_id=20","title":{"rendered":"Cercetare"},"content":{"rendered":"<p><span style=\"text-decoration: underline;\"><strong>Proiecte \u0219tiin\u021bifice \u00een care membri disciplinei au particiat<\/strong><\/span><\/p>\n<ol>\n<li>European Training Program on Organ Donation ETPOD \u2013 Proiect &#8211; <strong>FP6 <\/strong>UE, Coordonator: Universitatea Barcelona &#8211; derulare: 2007-2010<\/li>\n<li>Cursul CEEA (Comitetul European de Educatie \u00een Anestezie) &#8211; Toracele \u0219i Respiratia, Cod proiect PN-II-ID-WE-2012-4-072, derulare: septembrie 2012<\/li>\n<li>\u00a0Implementarea TIVA-TCI \u00een practica anestezic\u0103. Evaluarea influe\u0163tei TIVA asupra nivelului seric de interleukine \u015fi al moleculelor de adeziune celulara I-cam \u015fi V-cam. CNMP P IV nr. 41-025\/2007, derulare: 2007-2010<\/li>\n<li>Caracterizarea molecular\u0103 a unor tulpini de Staphylococcus aureus meticilino-rezistente implicate \u00een infec\u0163ii spitalice\u015fti \u015fi comunitare \u2013 UMF Tg.Mures \u2013 <strong>cercet\u0103tor,<\/strong> Program CNCSIS Idei, ID_1570, derulare 2009-2011<\/li>\n<\/ol>\n<p>&nbsp;<\/p>\n<p><span style=\"text-decoration: underline;\"><strong>Studii clinice efectuate \u00een cadrul disciplinei<\/strong><\/span><\/p>\n<p><strong>1. EuSOS \u2013 European Surgical Outcomes Study \u2013 \u00een colaborare cu ESA<\/strong><br \/>\n\u221a Perioad\u0103: aprilie- iunie 2011<\/p>\n<p>&nbsp;<br \/>\n<strong>2. PERISCOPE \u2013 Predicting post-operative ulmonary complications in Europe \u2013 \u00een<\/strong><br \/>\n<strong> colaborare cu ESA<\/strong><br \/>\n\u221a Perioad\u0103: martie 2011-februarie 2012<\/p>\n<p>&nbsp;<\/p>\n<p><strong>3. ELOISE \u2013 European Mortality and Lenght of Intensive Care Unit Stay Evaluation \u2013<\/strong><br \/>\n<strong> \u00een colaborare cu ESA<\/strong><br \/>\n\u221a Perioad\u0103: noiembrie 2011- mai 2012<br \/>\n<strong><\/strong><\/p>\n<p>&nbsp;<\/p>\n<p><strong>4. BRIDION (P06556)<\/strong><br \/>\n\u221a Perioad\u0103: octombrie 2011- martie 2012<br \/>\n<strong><\/strong><\/p>\n<p>&nbsp;<\/p>\n<p><strong>5. ETPOS \u2013 European Transfusion Practice and outcome study\u2013 \u00een colaborare cu ESA<\/strong><br \/>\n\u221a Perioad\u0103: \u00een curs de aprobare la comitetul de etic\u0103<\/p>\n<p>&nbsp;<\/p>\n<p><strong>6. LASVEGAS \u2013 Local Assessment of Ventilatory Management during General<\/strong><br \/>\n<strong> Anesthesia for Surgery and Effects on Postoperative Pulmonary Complications\u2013 \u00een<\/strong><br \/>\n<strong> colaborare cu ESA<\/strong><br \/>\n\u221a Perioad\u0103: \u00een curs de aprobare la comitetul de etic\u0103<\/p>\n<p>&nbsp;<\/p>\n<p>&nbsp;<\/p>\n<p>&nbsp;<\/p>\n<p>&nbsp;<\/p>\n","protected":false},"excerpt":{"rendered":"<p>Proiecte \u0219tiin\u021bifice \u00een care membri disciplinei au particiat European Training Program on Organ Donation ETPOD \u2013 Proiect &#8211; FP6 UE, Coordonator: Universitatea Barcelona &#8211; derulare: 2007-2010 Cursul CEEA (Comitetul European de Educatie \u00een Anestezie) &#8211; Toracele \u0219i Respiratia, Cod proiect &hellip; <a href=\"https:\/\/atimures.ro\/?page_id=20\">Continue reading <span class=\"meta-nav\">&rarr;<\/span><\/a><\/p>\n","protected":false},"author":2,"featured_media":0,"parent":0,"menu_order":2,"comment_status":"closed","ping_status":"closed","template":"","meta":{"footnotes":""},"class_list":["post-20","page","type-page","status-publish","hentry"],"_links":{"self":[{"href":"https:\/\/atimures.ro\/index.php?rest_route=\/wp\/v2\/pages\/20","targetHints":{"allow":["GET"]}}],"collection":[{"href":"https:\/\/atimures.ro\/index.php?rest_route=\/wp\/v2\/pages"}],"about":[{"href":"https:\/\/atimures.ro\/index.php?rest_route=\/wp\/v2\/types\/page"}],"author":[{"embeddable":true,"href":"https:\/\/atimures.ro\/index.php?rest_route=\/wp\/v2\/users\/2"}],"replies":[{"embeddable":true,"href":"https:\/\/atimures.ro\/index.php?rest_route=%2Fwp%2Fv2%2Fcomments&post=20"}],"version-history":[{"count":20,"href":"https:\/\/atimures.ro\/index.php?rest_route=\/wp\/v2\/pages\/20\/revisions"}],"predecessor-version":[{"id":480,"href":"https:\/\/atimures.ro\/index.php?rest_route=\/wp\/v2\/pages\/20\/revisions\/480"}],"wp:attachment":[{"href":"https:\/\/atimures.ro\/index.php?rest_route=%2Fwp%2Fv2%2Fmedia&parent=20"}],"curies":[{"name":"wp","href":"https:\/\/api.w.org\/{rel}","templated":true}]}}