{"id":192,"date":"2012-09-30T08:32:18","date_gmt":"2012-09-30T05:32:18","guid":{"rendered":"http:\/\/atimures.ro\/?page_id=192"},"modified":"2012-10-02T06:42:03","modified_gmt":"2012-10-02T03:42:03","slug":"recomandari-pentru-studenti","status":"publish","type":"page","link":"https:\/\/atimures.ro\/?page_id=192","title":{"rendered":"Recomand\u0103ri pentru studen\u021bi"},"content":{"rendered":"<p><span style=\"color: #333333;\"><strong>Pentru lucr\u0103ri practice<\/strong><\/span><\/p>\n<ul>\n<li><span style=\"color: #333333;\">\u021ainuta de spital este obligatorie (costum de spital, sabo\u021bi, bonet\u0103)<\/span><\/li>\n<li><span style=\"color: #333333;\">Fiecare student trebuie s\u0103 poarte ecuson<\/span><\/li>\n<li><span style=\"color: #333333;\">La lucr\u0103ri practice studen\u021bii se prezint\u0103 la sala de demonstra\u021bii din cadrul Clinicii ATI cu 5 minute \u00eenaintea \u00eenceperii lucr\u0103rilor<\/span><\/li>\n<li><span style=\"color: #333333;\">Telefoanele mobile nu sunt admise \u00een clinica ATI<\/span><\/li>\n<li><span style=\"color: #333333;\">Bagajele personale \u0219i hainele nu se aduc pe sec\u021bie<\/span><\/li>\n<li><span style=\"color: #333333;\">Parul str\u00e2ns \u00een coad\u0103 sau ascuns sub bonet\u0103<\/span><\/li>\n<li><span style=\"color: #333333;\">Respecta\u0163i pacien\u0163ii \u015fi personalul medical!<\/span><\/li>\n<li><span style=\"color: #333333;\">Vizitarea pacien\u0163ilor \u00een saloanele de terapie intensiv\u0103 sau \u00een blocurile operatorii se face la indica\u0163ia \u015fi sub supravegherea cadrului didactic<\/span><\/li>\n<li><span style=\"color: #333333;\">Manevrele efectuate la patul bolnavului se fac la indica\u0163ia \u015fi sub supravegherea cadrului didactic<\/span><\/li>\n<li><span style=\"color: #333333;\">V\u0103 prezenta\u0163i \u015fi informa\u0163i pacientul asupra oric\u0103rei manevre pe care inten\u0163iona\u0163i s\u0103 o efectua\u0163i<\/span><\/li>\n<li><span style=\"color: #333333;\">P\u0103stra\u0163i secretul medical, nu divulga\u0163i informa\u0163ii despre starea pacien\u0163ilor sau manevrele efectuate apar\u0163in\u0103torilor, colegilor,etc.<\/span><\/li>\n<li><span style=\"color: #333333;\">\u00cenainte \u015fi dup\u0103 efectuarea oric\u0103rei manevre la patul bolnavului v\u0103 sp\u0103la\u0163i pe m\u00e2ini<\/span><\/li>\n<li><span style=\"color: #333333;\">Respecta\u0163i regulile de asepsie \u015fi antisepsie<\/span><\/li>\n<li><span style=\"color: #333333;\">Pentru orice manevr\u0103 efectuat\u0103 la patul bolnavului proteja\u0163i-v\u0103 cu m\u0103nu\u015fi<\/span><\/li>\n<li><span style=\"color: #333333;\">O pereche de m\u0103nu\u015fi se utilizeaz\u0103 pentru un singur pacient: m\u0103nu\u015file v\u0103 protejeaz\u0103 pe voi! Nu contribui\u0163i la r\u0103sp\u00e2ndirea infec\u0163iilor nosocomiale!<\/span><\/li>\n<li><span style=\"color: #333333;\">R\u0103spunde\u0163i la solicit\u0103rile personalului medical, chiar \u015fi cel mediu<\/span><\/li>\n<li><span style=\"color: #333333;\">\u00ceNTREBA\u0162I ORICE NEL\u0102MURIRE AVE\u0162I<\/span><\/li>\n<\/ul>\n<p><span style=\"color: #333333;\">\u00a0<\/span><\/p>\n<p><span style=\"color: #333333;\"><strong>Pentru stagii<\/strong><\/span><\/p>\n<ul>\n<li><span style=\"color: #333333;\">V\u0103 prezenta\u0163i \u00een saloanele \u00een care a\u0163i fost repartiza\u0163i \u00eenainte de ora 8.<\/span><\/li>\n<li><span style=\"color: #333333;\">Fiecare student este obligat sa consulte \u015fi s\u0103 prezinte la vizit\u0103 bolnavul\/bolnavii din patul\/paturile care i-au fost atibuite.<\/span><\/li>\n<li><span style=\"color: #333333;\">Consulta\u0163i pacien\u0163ii \u015fi solicita\u0163i documenta\u0163ia medical\u0103 a pacientului.<\/span><\/li>\n<li><span style=\"color: #333333;\">Nici un bolnav nu r\u0103m\u00e2ne nepreluat, \u00een cazul \u00een care un student lipse\u015fte, colegii repartiza\u0163i \u00een acela\u015fi salon sunt obliga\u0163i s\u0103 preia bolnavul.<\/span><\/li>\n<li><span style=\"color: #333333;\">To\u0163i studen\u0163ii au obliga\u0163ia de a participa la vizit\u0103 pe toat\u0103 sec\u0163ia (excep\u0163ie saloanele septice sau izolatoare), nu doar \u00een saloanele \u00een care au fost repartiza\u0163i.<\/span><\/li>\n<li><span style=\"color: #333333;\">V\u0103 prezenta\u0163i \u00een sala de demonstra\u0163ii din cadrul Clinicii ATI, doar la ora la care a\u0163i fost solicita\u0163i.<\/span><\/li>\n<li><span style=\"color: #333333;\">Stagiile se efectueaz\u0103 \u00een saloane la patul bolnavului, nu pe holuri sau la chio\u015fc.<\/span><\/li>\n<\/ul>\n<p><span style=\"color: #333333;\"><strong>Tote regulile de la lucr\u0103ri practice r\u00e2man valabile \u015fi pentru stagii!<\/strong><\/span><\/p>\n","protected":false},"excerpt":{"rendered":"<p>Pentru lucr\u0103ri practice \u021ainuta de spital este obligatorie (costum de spital, sabo\u021bi, bonet\u0103) Fiecare student trebuie s\u0103 poarte ecuson La lucr\u0103ri practice studen\u021bii se prezint\u0103 la sala de demonstra\u021bii din cadrul Clinicii ATI cu 5 minute \u00eenaintea \u00eenceperii lucr\u0103rilor Telefoanele &hellip; <a href=\"https:\/\/atimures.ro\/?page_id=192\">Continue reading <span class=\"meta-nav\">&rarr;<\/span><\/a><\/p>\n","protected":false},"author":2,"featured_media":0,"parent":5,"menu_order":0,"comment_status":"closed","ping_status":"closed","template":"","meta":{"footnotes":""},"class_list":["post-192","page","type-page","status-publish","hentry"],"_links":{"self":[{"href":"https:\/\/atimures.ro\/index.php?rest_route=\/wp\/v2\/pages\/192","targetHints":{"allow":["GET"]}}],"collection":[{"href":"https:\/\/atimures.ro\/index.php?rest_route=\/wp\/v2\/pages"}],"about":[{"href":"https:\/\/atimures.ro\/index.php?rest_route=\/wp\/v2\/types\/page"}],"author":[{"embeddable":true,"href":"https:\/\/atimures.ro\/index.php?rest_route=\/wp\/v2\/users\/2"}],"replies":[{"embeddable":true,"href":"https:\/\/atimures.ro\/index.php?rest_route=%2Fwp%2Fv2%2Fcomments&post=192"}],"version-history":[{"count":9,"href":"https:\/\/atimures.ro\/index.php?rest_route=\/wp\/v2\/pages\/192\/revisions"}],"predecessor-version":[{"id":300,"href":"https:\/\/atimures.ro\/index.php?rest_route=\/wp\/v2\/pages\/192\/revisions\/300"}],"up":[{"embeddable":true,"href":"https:\/\/atimures.ro\/index.php?rest_route=\/wp\/v2\/pages\/5"}],"wp:attachment":[{"href":"https:\/\/atimures.ro\/index.php?rest_route=%2Fwp%2Fv2%2Fmedia&parent=192"}],"curies":[{"name":"wp","href":"https:\/\/api.w.org\/{rel}","templated":true}]}}