{"id":18,"date":"2012-09-26T12:14:29","date_gmt":"2012-09-26T09:14:29","guid":{"rendered":"http:\/\/atimures.ro\/?page_id=18"},"modified":"2020-03-03T15:30:38","modified_gmt":"2020-03-03T13:30:38","slug":"cursuri-postuniversitare","status":"publish","type":"page","link":"https:\/\/atimures.ro\/?page_id=18","title":{"rendered":"Cursuri postuniversitare"},"content":{"rendered":"<h3><\/h3>\n<h3 style=\"text-align: center;\"><strong>Ventila\u021bia mecanic\u0103 \u0219i anestezia general\u0103<\/strong><\/h3>\n<p style=\"text-align: center;\"><strong>09-11 martie 2020<\/strong><\/p>\n<p>Coordonator: \u0218ef lucr. Dr. Raluca Fodor<br \/>\nCurs creditat cu 18 pct EMC.<br \/>\nCurs destinat medicilor reziden\u021bi.<\/p>\n<p>Procedura de \u00eenscriere: <a href=\"https:\/\/www.umfst.ro\/cursuri-postuniversitare\/prezentare.html\">https:\/\/www.umfst.ro\/cursuri-postuniversitare\/prezentare.html<\/a><br \/>\nDetalii privind achitarea taxei (50 RON): <a href=\"https:\/\/www.umfst.ro\/cursuri-postuniversitare\/achitare-taxe.html\">https:\/\/www.umfst.ro\/cursuri-postuniversitare\/achitare-taxe.html<\/a><\/p>\n<p>Cursul se va desfasura la Centrul de Simulare si Abilitati Practice al UMFST &#8220;George Emil Palade&#8221; din Targu Mures, dupa urmatorul program:<\/p>\n<p>09.03.2020 \u2013 ora 14<\/p>\n<ol>\n<li>Considera\u021bii generale \u2013 preg\u0103tire preoperatorie. Consim\u021b\u0103m\u00e2ntul informat \u0219i riscul anestezic. Factori predictivi pentru IOT dificil\u0103. \u2013 Dr. Fodor Raluca<\/li>\n<li>Aparatul de anestezie. Circuite. \u2013 Dr. Rad Paul<\/li>\n<li>Anestezice volatile. MAC. Tipuri de vaporizatoare. \u2013 Prof. Dr. Copotoiu Sanda<\/li>\n<li>Anestezice intravenoase. \u2013 Dr. Alamasy Emoke<\/li>\n<li>Relaxante neuromusculare. Fiziologia pl\u0103cii neuromusculare la relaxante. \u2013 Dr Grigorescu Bianca<\/li>\n<li>TIVA. VIMA. Anestezia general\u0103 balansat\u0103. \u2013 Dr. Szederjesi Janos<\/li>\n<\/ol>\n<p>10.03.2020 &#8211; ora 14<\/p>\n<ol start=\"7\">\n<li>Etapele anesteziei. Monitorizare intraanestezic\u0103 standard. Induc\u021bia la stomac plin. Complica\u021bii perianestezice. \u2013 Dr. Laz\u0103r Alexandra<\/li>\n<li>Ventila\u021bia cu presiune pozitiv\u0103. No\u021biuni de baz\u0103 (presiune alveolar\u0103, flux, rezisten\u021be, complian\u021b\u0103, PEEP, shunt, spa\u021biu mort, ventila\u021bia alveolar\u0103, etc.) \u2013 Dr Veres Mihaly<\/li>\n<li>Rolul filtrelor antibacteriene. Tipuri de filtre. \u2013 Prof. Dr. Copotoiu Sanda-Maria<\/li>\n<li>Ventila\u021bia mecanic\u0103 non-invaziv\u0103. \u2013 Dr. Badea Iudita<\/li>\n<li>Moduri de ventila\u021bie mecanic\u0103 invaziv\u0103 \u2013 Dr. Morariu Mihai<\/li>\n<li>Monitorizarea respira\u021biei \u2013 Dr. Kovacs Judit<\/li>\n<\/ol>\n<p>11.03.2020 \u2013 ora 14<\/p>\n<p>Workshop-uri:<\/p>\n<ul>\n<li>Aparatul de anestezie:\n<ul>\n<li>Montare circuite<\/li>\n<li>Teste de func\u021bionare<\/li>\n<li>Preg\u0103tirea s\u0103lii de opera\u021bie<\/li>\n<\/ul>\n<\/li>\n<li>Consol\u0103 TIVA<\/li>\n<li>Tipuri de vaporizatoare<\/li>\n<li>Aparatul de ventila\u021bie mecanic\u0103<\/li>\n<li>Moduri de ventila\u021bie mecanic\u0103<\/li>\n<\/ul>\n<hr \/>\n<p style=\"text-align: center;\"><strong>TERAPII EXTRACORPOREALE<\/strong><\/p>\n<p style=\"text-align: center;\"><strong>18-20 FEBRUARIE 2020<\/strong><\/p>\n<p>Coordonator: prof. dr. Copotoiu Sanda-Maria<\/p>\n<p>Curs creditat cu 18 pct EMC. Numar maxim de participanti: 30<\/p>\n<p>NU SE MAI FAC \u00ceNSCRIERI, S-AU OCUPAT TOATE LOCURILE.<\/p>\n<p>Cursul se va desfasura la Centrul de Simulare si Abilitati Practice al UMFST &#8220;George Emil Palade&#8221; din Targu Mures, dupa urmatorul program:<\/p>\n<p><strong>18 FEBRUARIE 2020<\/strong><\/p>\n<p>14:00 \u2013 16:00<\/p>\n<p>Prof. dr. Copotoiu Sanda-Maria &#8211; Principiile de baz\u0103 ale terapiilor de substitu\u021bie renal\u0103 continu\u0103.<\/p>\n<p>\u0218ef lucr. dr.Laz\u0103r Alexandra &#8211; Sepsisul si noile metode pentru tratament extracorporeal. Cytosorb, oXyris, CPFA, Toraymyxin.<\/p>\n<p>Conf. dr. Stoian Adina \u2013 Experien\u021ba Clinicii Neurologie I, SCJU Targu Mures \u00een tratamentul bolilor neurologice prin plasmaferez\u0103<\/p>\n<p>Asist. univ. dr. Badea Iudita &#8211; Mijloace tehnice utilizate in terapiile extracorporeale. Filtre, solu\u021bii de susbtitutie, aparate.<\/p>\n<p>16:00 \u2013 16:30 \u2013 Pauza de cafea<\/p>\n<p>16:30 \u2013 Workshop<\/p>\n<p><strong>19 Februarie 2020<\/strong><\/p>\n<p>14:00 \u2013 16:00<\/p>\n<p>Asist. univ. dr. Mihaly Veres &#8211; Ini\u021bierea, monitorizarea si sistarea CRRT.<\/p>\n<p>Asist. univ. dr. Mihaly Veres &#8211; Metode de substitu\u021bie a func\u021biei hepatice si renale la copii<\/p>\n<p>\u0218ef lucr. dr. Raluca Fodor &#8211; Metode de epurare extrarenal\u0103 in terapia\u00a0\u00a0\u00a0\u00a0\u00a0\u00a0 intensiv\u0103. CVVH, CVVHD, CVVHDF, SLED, EDD, PIRRT.<\/p>\n<p>\u0218ef lucr. Dr. Bianca Grigorescu &#8211; Anticoagularea in CRRT.<\/p>\n<p>16:00 \u2013 16:30 \u2013 Pauza de cafea<\/p>\n<p>16:30 \u2013 Workshop<\/p>\n<p><strong>20 FEBRUARIE 2020<\/strong><\/p>\n<p>14:00 \u2013 16:00<\/p>\n<p>Asist. univ. dr. Almasy Emoke &#8211; Metode de substitu\u021bie a func\u021biei hepatice MARS (Molecular Adsorbent Recirculating System), Prometheus, in terapia intensiv\u0103.<\/p>\n<p>\u0218ef lucr. dr Kovacs Judit &#8211; Oxigenarea extracorporal\u0103 arterio-venoas\u0103 cu membran\u0103 (ECMO).<\/p>\n<ol>\n<li>Rad Paul \u2013 Plasmafereza terapeutic\u0103 in terapia intensiv\u0103.<\/li>\n<\/ol>\n<p>\u0218ef lucr. dr. Bianca Grigorescu &#8211; Eliminarea extracorporeal\u0103 a CO2<\/p>\n<p>16:00 \u2013 16:30 \u2013 Pauza de cafea<\/p>\n<p>16:30 \u2013 Workshop<\/p>\n<p>Workshop-uri<\/p>\n<p>\u2013 Efectuarea CRRT<\/p>\n<p>\u2013 Plasmafereza<\/p>\n<p>\u2013 Terapii de substitu\u021bie hepatic\u0103 (MARS) metode pentru tratament extracorporeal al sepsei. Cytosorb , oXiris, Toraymyxin.<\/p>\n<p>\u2013 Terapii de eliminare a CO2- ProLUNG<\/p>\n<hr \/>\n<p class=\"western\" lang=\"ro-RO\" align=\"center\"><span lang=\"fr-FR\"><b>Ultrasonografie pentru anestezisti<\/b><\/span><\/p>\n<p class=\"western\" lang=\"ro-RO\" align=\"center\"><span lang=\"fr-FR\"><b>21-23 Noiembrie 2019<\/b><\/span><\/p>\n<p>Cursul este creditat cu 18 puncte EMC.<\/p>\n<p>Loca\u021bie:\u00a0 Centrul de Simulare \u0219i Abilit\u0103\u021bi Practice UMFST.<\/p>\n<p>Temele cursului:<\/p>\n<ul>\n<li>Bazele ecografiei<\/li>\n<li>Ecografia pulmonara<\/li>\n<li>Ecografia FAST<\/li>\n<li>Ecografia partilor moi<\/li>\n<li>Ecografia abdominala<\/li>\n<li>Toxicitatea sistemica a anestezicelor locale<\/li>\n<li>Blocul axilar<\/li>\n<li>Blocurile membrului inferior<\/li>\n<li>Inser\u021bia cateterelor venoase cu ghidaj ecografic<\/li>\n<\/ul>\n<p>Cursurile si activitatile practice se vor desfasura astfel:<\/p>\n<p>Joi, 21.11.2019 &#8211; incepand cu ora 15<\/p>\n<p>Vineri, 22.11.2019 &#8211; incepand cu ora 15<\/p>\n<p>Sambata, 23.11.2019 &#8211; incepand cu ora 10<\/p>\n<p lang=\"ro-RO\"><strong>Numar maxim de participanti: 15<\/strong><\/p>\n<p lang=\"ro-RO\">NU SE MAI FAC \u00ceNSCRIERI! S-A AJUNS LA NUM\u0102RUL MAXIM DE PARTICIPAN\u021aI.<\/p>\n<p lang=\"ro-RO\" style=\"text-align: center;\"><strong>Program<\/strong><\/p>\n<p>Joi -21 Nov \u2013 ora 15.00<br \/>\n1. Toxicitatea sistemica a anestezicelor locale- prof. dr. Copotoiu Sanda Maria- 15.00-15.30<\/p>\n<p>2. Blocul plex brahial- Asist univ. Dr. Almasy Emoke \u2013 15.30-16.00<\/p>\n<p>3. Blocurile paravertebrale- Conf. dr. Szederjesi Janos \u201316.00-1630<\/p>\n<p>Vineri -22 nov ora 14.00<br \/>\n1. Anestezia regionala a membrului inferior- Dr Lazar Alexandra- 14.00-15.00<\/p>\n<p>2. Notiunile de baza ale ultrasonografiei &#8211; Dr. Gliga Mirela- 15.00-16.00<\/p>\n<p>3. Dr. Copotoiu Monica- 16.00-17.30 &#8211; ecografia de p\u0103r\u021bi moi, set\u0103rile de baza in ecografie<\/p>\n<p>Sambata -23 nov- ora 10.00<br \/>\nWorkshop &#8211; Blocurile paravertebrale dr. Szederjesi Janos<br \/>\nWorkshop &#8211; Membru inferior- dr. Rad Paul<br \/>\nWorkshop &#8211; Eco FAST &#8211; dr Petrisor Marius<br \/>\nWorkshop &#8211; Plexul brahial \u2013 diferite aborduri- Dr Almasy Emoke<br \/>\nWorkshop &#8211; Eco pulmonar- dr. Rad Paul<\/p>\n<hr \/>\n<p><strong>RESUSCITAREA CARDIO-PULMONAR\u0102 \u0218I SUPORTUL DE VIA\u021a\u0102 AVANSAT<\/strong><\/p>\n<p><strong>8-9 NOIEMBRIE 2019<\/strong><\/p>\n<p>Cursul este creditat cu 12 puncte EMC.<\/p>\n<p>Loca\u021bie:\u00a0 Centrul de Simulare \u0219i Abilit\u0103\u021bi Practice UMFST<\/p>\n<p>Program:<\/p>\n<p>Vineri, 8 noiembrie 2019, incepand cu ora 15:00<\/p>\n<p>Sambata, 9 noiembrie 2019, incepand cu ora 09:00<\/p>\n<p>Tematica<\/p>\n<ol>\n<li>Indicatori de prognostic ai resuscitarii, eficienta<\/li>\n<li>BLS: adult, copil, sugar<\/li>\n<li>ALS: sugar, nou-nascut, copil<\/li>\n<li>ALS, ATLS: adult<\/li>\n<li>Situatii speciale, mama si fatul<\/li>\n<li>DNR, DNAR<\/li>\n<li>Ritmuri &#8220;peristop&#8221;, ritmuri socabile, defibrilarea, conversia sincron, pacing<\/li>\n<li>Rolul simularii medicale in pregatirea personalului in CPR<\/li>\n<\/ol>\n<p>WORKSHOPURI<\/p>\n<ol>\n<li>Simulatoarele, prezentare tehnica<\/li>\n<li>BLS: adult, copil, sugar<\/li>\n<li>ALS: adult<\/li>\n<li>ALS: sugar, copil<\/li>\n<\/ol>\n<p><strong>\u00a0<\/strong>Taxa de participare: reziden\u021bi &#8211; 50 RON, speciali\u0219ti\/primari &#8211; 100 RON<\/p>\n<p>Documentele necesare pentru \u00eenscriere:<\/p>\n<ul>\n<li><a class=\"download\" href=\"https:\/\/www.umfst.ro\/fileadmin\/documente_oficiale\/proceduri\/UMFST-PO-REZ-03-F01.doc\">Fi\u0219a de \u00eenscriere<\/a><\/li>\n<li>Copie Carte de Identitate<\/li>\n<li>Dovada achit\u0103rii taxei de curs (taxa se achita la casieria UMFST)<\/li>\n<\/ul>\n<p>Documentele se depun la Compartimentul Rezidentiat si Cursuri Postuniversitare din cladirea pricipala UMFST sau prin email la adresa:\u00a0 <a class=\"mail\">cursuri.postuniversitare@umfst.ro<\/a> p\u00e2n\u0103 \u00een 06.11.2019.<\/p>\n<hr \/>\n<p><strong>Bronhoscopia in ATI<\/strong><\/p>\n<p><strong>10-11 Octombrie 2019<\/strong><\/p>\n<p><strong><em>Teme propuse<\/em><\/strong><\/p>\n<ul>\n<li>Anatomia c\u0103ilor aeriene \u015fi tehnica intuba\u0163iei prin bronhoscopie cu anestezie local\u0103, precum \u015fi explorarea arborelui bron\u015fic- workoshop simulator bronhoscopie<\/li>\n<li>Protocol de intubatie in situatia \u201ccan\u2019t ventilate, can\u2019t intubate\u201d<\/li>\n<li>Bronhoscopie la pacientul critic &#8211; indicatii, tehnici, contraindicatii<\/li>\n<li>Intubatia asistata bronhoscopic, la pacientul treaz- indicatii, avantaje, dezavantaje<\/li>\n<li>Intubatia asistata bronhoscopic la pacientul anesteziat &#8211; indicatii, avantaje, dezavantaje- prezentare, workshop- simulator Storz<\/li>\n<li>Intubatia videoasistata \u2013videolaringoscoape Storz<\/li>\n<li>Managementul fibroscopic al c\u0103ilor aeriene \u00een chirurgia toracic\u0103<\/li>\n<li>Simularea in bronhoscopie \u2013 simulatoare- workshop in echipe<\/li>\n<\/ul>\n<p><strong>Locatie<\/strong>:<\/p>\n<p>10.10.2019 &#8211; Centrul de Simulare al UMFST &#8211; incepand cu ora 14.<\/p>\n<p>11.10.2019 &#8211; Centrul de Simulare al UMFST &#8211; incepand cu ora 14.<\/p>\n<p>Cursul este acreditat cu 18 credite EMC<\/p>\n<p>\u00censcrierile se fac la Clinica ATI, la secretariat, \u00een perioada 02-08.10.2019.<\/p>\n<p>Taxe de participare:<\/p>\n<p>Medici reziden\u021bi: 50 RON<\/p>\n<p>Medici speciali\u0219ti\/primari: 150 RON<\/p>\n<p><img loading=\"lazy\" decoding=\"async\" class=\"wp-image-1798 alignleft\" src=\"http:\/\/atimures.ro\/wp-content\/uploads\/2019\/10\/sigla-storz.jpg\" alt=\"\" width=\"244\" height=\"83\" srcset=\"https:\/\/atimures.ro\/wp-content\/uploads\/2019\/10\/sigla-storz.jpg 1740w, https:\/\/atimures.ro\/wp-content\/uploads\/2019\/10\/sigla-storz-300x102.jpg 300w, https:\/\/atimures.ro\/wp-content\/uploads\/2019\/10\/sigla-storz-768x261.jpg 768w, https:\/\/atimures.ro\/wp-content\/uploads\/2019\/10\/sigla-storz-1024x348.jpg 1024w\" sizes=\"auto, (max-width: 244px) 100vw, 244px\" \/><img loading=\"lazy\" decoding=\"async\" class=\"wp-image-1804 alignleft\" src=\"http:\/\/atimures.ro\/wp-content\/uploads\/2019\/10\/logo-albastru-cu-text.png\" alt=\"\" width=\"317\" height=\"85\" srcset=\"https:\/\/atimures.ro\/wp-content\/uploads\/2019\/10\/logo-albastru-cu-text.png 1269w, https:\/\/atimures.ro\/wp-content\/uploads\/2019\/10\/logo-albastru-cu-text-300x81.png 300w, https:\/\/atimures.ro\/wp-content\/uploads\/2019\/10\/logo-albastru-cu-text-768x207.png 768w, https:\/\/atimures.ro\/wp-content\/uploads\/2019\/10\/logo-albastru-cu-text-1024x276.png 1024w\" sizes=\"auto, (max-width: 317px) 100vw, 317px\" \/><\/p>\n<hr \/>\n<p><strong>TERAPII EXTRACORPOREALE<\/strong><\/p>\n<p>18-22 feb 2019<\/p>\n<p>Locatie: Centrul de Simulare si Abilitati Practice al UMFST Targu-Mures.<\/p>\n<p>Curs creditat cu 13 puncte EMC.<br \/>\nInscrierile se fac la secretariatul Clinicii ATI, SCJU Targu Mures.<br \/>\nNumar maxim de participanti: 35<\/p>\n<p>Programul cursului poate fi accesat <a href=\"http:\/\/atimures.ro\/wp-content\/uploads\/2019\/02\/tematica-curs-terapii-extracorporeale.pdf\" target=\"_blank\" rel=\"noopener noreferrer\">aici<\/a>.<\/p>\n<hr \/>\n<p><strong>AtiSim 3<\/strong><\/p>\n<p><strong>28.01-08.02.2019<\/strong><\/p>\n<p>Curs destinat medicilor rezidenti ATI, anul I, creditat cu 30 de puncte EMC.<br \/>\nLocatie: Centrul de Simulare si Abilitati Practice al UMFST Targu-Mures.<br \/>\nPlanificarea activitatilor si structura grupelor se pot consulta <a href=\"http:\/\/atimures.ro\/wp-content\/uploads\/2019\/01\/AtiSim-3.pdf\" target=\"_blank\" rel=\"noopener noreferrer\">aici<\/a>.<\/p>\n<hr \/>\n<p lang=\"ro-RO\" align=\"center\">\n<p class=\"western\" lang=\"ro-RO\" style=\"text-align: left;\" align=\"center\"><span style=\"font-size: large;\"><span lang=\"fr-FR\"><b>Ultrasonografie pentru anestezisti<\/b><\/span><\/span><\/p>\n<p class=\"western\" lang=\"ro-RO\" style=\"text-align: left;\" align=\"center\"><span style=\"font-size: large;\"><span lang=\"fr-FR\"><b>22-24 Noiembrie 2018<\/b><\/span><\/span><\/p>\n<p>Cursul este creditat cu 18 puncte EMC.<\/p>\n<p>Loca\u021bie:\u00a0 Centrul de Simulare \u0219i Abilit\u0103\u021bi Practice UMFST.<\/p>\n<p>Temele cursului:<\/p>\n<ul>\n<li style=\"list-style-type: none;\">\n<ul>\n<li lang=\"ro-RO\">Bazele ecografiei<\/li>\n<\/ul>\n<\/li>\n<\/ul>\n<ul>\n<li style=\"list-style-type: none;\">\n<ul>\n<li lang=\"ro-RO\">Ecografia pulmonara<\/li>\n<\/ul>\n<\/li>\n<\/ul>\n<ul>\n<li style=\"list-style-type: none;\">\n<ul>\n<li lang=\"ro-RO\">Ecografia FAST<\/li>\n<\/ul>\n<\/li>\n<\/ul>\n<ul>\n<li style=\"list-style-type: none;\">\n<ul>\n<li lang=\"ro-RO\">Ecografia partilor moi<\/li>\n<\/ul>\n<\/li>\n<\/ul>\n<ul>\n<li style=\"list-style-type: none;\">\n<ul>\n<li lang=\"ro-RO\">Ecografia abdominala<\/li>\n<\/ul>\n<\/li>\n<\/ul>\n<ul>\n<li style=\"list-style-type: none;\">\n<ul>\n<li lang=\"ro-RO\">Toxicitatea sistemica a anestezicelor locale<\/li>\n<\/ul>\n<\/li>\n<\/ul>\n<ul>\n<li style=\"list-style-type: none;\">\n<ul>\n<li lang=\"ro-RO\">Blocul axilar<\/li>\n<\/ul>\n<\/li>\n<\/ul>\n<ul>\n<li style=\"list-style-type: none;\">\n<ul>\n<li lang=\"ro-RO\">Blocurile membrului inferior<\/li>\n<\/ul>\n<\/li>\n<\/ul>\n<ul>\n<li lang=\"ro-RO\">Inser\u021bia cateterelor venoase cu ghidaj ecografic<\/li>\n<\/ul>\n<p>Cursurile si activitatile practice se vor desfasura astfel:<\/p>\n<p>Joi, 22.11.2018 &#8211; incepand cu ora 14<\/p>\n<p>Vineri, 23.11.2018 &#8211; incepand cu ora 15<\/p>\n<p>Sambata, 24.11.2018 &#8211; incepand cu ora 10<\/p>\n<p>Inscrierile se fac la Secretariatul Clinicii ATI, SCJU Tg Mures<\/p>\n<p lang=\"ro-RO\">Taxe de inscriere:<\/p>\n<p lang=\"ro-RO\">Medici rezidenti: 50 RON<\/p>\n<p lang=\"ro-RO\">Medici specialisti\/primari: 150 RON<\/p>\n<p lang=\"ro-RO\">Numar maxim de participanti: 15<\/p>\n<hr \/>\n<hr \/>\n<p><strong>RESUSCITAREA CARDIO-PULMONAR\u0102 \u0218I SUPORTUL DE VIA\u021a\u0102 AVANSAT<\/strong><\/p>\n<p><strong>9-10 NOIEMBRIE 2018<\/strong><\/p>\n<p>Cursul este creditat cu 8 puncte EMC.<\/p>\n<p>Loca\u021bie:\u00a0 Centrul de Simulare \u0219i Abilit\u0103\u021bi Practice UMFST.<\/p>\n<p>CURSURI<\/p>\n<ol>\n<li>Indicatori de prognostic ai resuscitarii, eficienta<\/li>\n<\/ol>\n<p>LECTOR: Prof. Dr. Copotoiu Sanda Maria<\/p>\n<ol start=\"2\">\n<li>BLS: adult, copil, sugar<\/li>\n<\/ol>\n<p>LECTOR: Asist univ. Dr. Almasy Emoke<\/p>\n<ol start=\"3\">\n<li>ALS: sugar, nou-nascut, copil<\/li>\n<\/ol>\n<p>LECTOR: Sef lucr. Dr. Lazar Alexandra<\/p>\n<ol start=\"4\">\n<li>ALS, ATLS: adult<\/li>\n<\/ol>\n<p>LECTOR: Asist. Univ. Dr. Veres Mihaly<\/p>\n<ol start=\"5\">\n<li>Situatii speciale, mama si fatul<\/li>\n<\/ol>\n<p>LECTOR: Conf. Dr. Szederjesi Janos<\/p>\n<ol start=\"6\">\n<li>DNR, DNAR<\/li>\n<\/ol>\n<p>LECTOR: Prof. Dr. Copotoiu Sanda Maria<\/p>\n<ol start=\"7\">\n<li>Ritmuri peristop, ritmuri socabile, defibrilarea, conversia sincron, pacing<\/li>\n<\/ol>\n<p>LECTOR: Sef lucr. Dr. Petrisor Marius<\/p>\n<ol start=\"8\">\n<li>Rolul simularii medicale in pregatirea personalului in CPR<\/li>\n<\/ol>\n<p>LECTOR: Conf. Dr. Moldovan Cosmin<\/p>\n<p>WORKSHOPURI<\/p>\n<ol>\n<li>Simulatoarele, prezentare tehnica (Conf. Dr. Moldovan Cosmin)<\/li>\n<li>BLS: adult, copil, sugar (Asist univ. Dr. Almasy Emoke)<\/li>\n<li>ALS: adult (Asist. Univ. Dr. Veres Mihaly, Sef lucr. Dr. Petrisor Marius)<\/li>\n<li>ALS: sugar, copil (Sef lucr. Dr. Lazar Alexandra, Conf. Dr. Szederjesi Janos)<\/li>\n<\/ol>\n<p><strong>\u00a0<\/strong><\/p>\n<p><strong>PROGRAM<\/strong><\/p>\n<p><u>Vineri, 9.11.2018<\/u><\/p>\n<p>15:00-15:30 \u2013 Curs 1<\/p>\n<p>15:30-16:00 \u2013 Curs 2<\/p>\n<p>16:00-16:30 \u2013 Curs 3<\/p>\n<p>16:30-17:00 \u2013 Pauza de cafea<\/p>\n<p>17:00-17:30 \u2013 Curs 4<\/p>\n<p>17:30-18:00 \u2013 Curs 7<\/p>\n<p>18:00-18:30 \u2013 Curs 6<\/p>\n<p><u>Sambata, 10.11.2018<\/u><\/p>\n<p>9:00-9:30 \u2013 Curs 5<\/p>\n<p>9:30-10:00 \u2013 Curs 8<\/p>\n<p>10:00-10:30 \u2013 Pauza de cafea<\/p>\n<p>10:30 \u2013 WORKSHOPURI<\/p>\n<p>Taxa de participare: reziden\u021bi &#8211; 50 RON, speciali\u0219ti\/primari &#8211; 100 RON<\/p>\n<p>\u00censcrierile se fac la Clinica ATI, secretariat, p\u00e2n\u0103 \u00een 07.11.2018.<\/p>\n<p><strong>Bronhoscopia in ATI<\/strong><\/p>\n<p><strong>18-20 Octombrie 2018<\/strong><\/p>\n<p><strong><em>Teme propuse<\/em><\/strong><\/p>\n<ul>\n<li>Anatomia c\u0103ilor aeriene \u015fi tehnica intuba\u0163iei prin bronhoscopie cu anestezie local\u0103, precum \u015fi explorarea arborelui bron\u015fic<\/li>\n<li>Bronhoscopie la pacientul critic- indicatii, tehnici, contraindicatii<\/li>\n<li>Intubatia asistata bronhoscopic, la pacientul treaz- indicatii, avantaje, dezavantaje<\/li>\n<li>Intubatia asistata bronhoscopic la pacientul anesteziat &#8211; indicatii, avantaje, dezavantaje<\/li>\n<li>Masca laringiana \u2013 rol in bronhoscopie<\/li>\n<li>Bronhoscopia cu bronhoscopul rigid- indicatii, avantaje, dezavantaje<\/li>\n<li>Managementul fibroscopic al c\u0103ilor aeriene \u00een chirurgia toracic\u0103<\/li>\n<li>Simularea pentru tehnica bronhoscopica \u2013 avantaje, simulatoare<\/li>\n<\/ul>\n<p><strong>Locatie<\/strong>:<\/p>\n<p>18.10.2018 &#8211; Centrul de Simulare al UMFST &#8211; incepand cu ora 15.<\/p>\n<p>19.10.2018 &#8211; Centrul de Simulare UMFTST- incepand cu ora 15.<\/p>\n<p>20.10.2018 &#8211; Clinica ATI- incepand cu ora 10.<\/p>\n<p>Cursul este acreditat cu 18 credite EMC<\/p>\n<p>\u00censcrierile se fac la Clinica ATI, la secretariat, \u00een perioada 08-15.10.2018.<\/p>\n<p>Taxe de participare:<\/p>\n<p>Medici reziden\u021bi: 50 RON<\/p>\n<p>Medici speciali\u0219ti\/primari: 150 RON<\/p>\n<p><strong>AtiSim 2<\/strong> &#8211;\u00a0pregatirea rezidentilor pentru aptitudini de baza<\/p>\n<p>Cursul se va desf\u0103\u0219ura \u00een perioada 15-22 ianuarie 2018, la Centrul de Simulare si Abilit\u0103\u021bi Practice din cadrul UMF T\u00eergu Mure\u0219. Grupele \u0219i programarea acestora sunt disponibile <a href=\"http:\/\/atimures.ro\/wp-content\/uploads\/2018\/01\/AtiSim-2.pdf\" target=\"_blank\" rel=\"noopener noreferrer\">aici<\/a>.<\/p>\n<p><strong>AtiSim<\/strong> &#8211; pregatirea rezidentilor pentru aptitudini de baza &#8211; iunie 2017<\/p>\n<ul>\n<li><a href=\"http:\/\/atimures.ro\/wp-content\/uploads\/2012\/09\/Rezi-1-2.docx\" target=\"_blank\" rel=\"noopener noreferrer\">Descriere<\/a><\/li>\n<li><a href=\"http:\/\/atimures.ro\/wp-content\/uploads\/2012\/09\/Timetable.pdf\" target=\"_blank\" rel=\"noopener noreferrer\">Orar<\/a><\/li>\n<li><a href=\"http:\/\/atimures.ro\/wp-content\/uploads\/2012\/09\/Grupe.pdf\" target=\"_blank\" rel=\"noopener noreferrer\">Grupe<\/a><\/li>\n<\/ul>\n<p><a title=\"CEEA\" href=\"http:\/\/atimures.ro\/?page_id=16\">Cursurile CEEA\u00a0 (Comitetul pentru Educa\u0163ie European\u0103 \u00een Anestezie)<\/a><\/p>\n<p><strong><span style=\"text-decoration: underline;\">Cursuri postuniversitare propuse pe anul universitar 2012-2013<\/span><\/strong><\/p>\n<p><strong>1.Ghiduri de alimenta\u021bie \u0219i nutri\u021bie la pacientul critic<\/strong><\/p>\n<ul>\n<li>Coordonator: Prof.dr. Sanda-Maria Copotoiu<\/li>\n<li>Data desf\u0103\u0219ur\u0103rii: 11-12 decembrie 2012<\/li>\n<li>Locul desf\u0103\u0219ur\u0103rii: T\u00eergu Mure\u0219, SCJU, Clinica ATI I.<\/li>\n<li>Puncte EMC: 9<\/li>\n<li>Participan\u021bi: medici reziden\u021bi \u0219i speciali\u0219ti (diferite specialit\u0103\u021bi)<\/li>\n<li>Taxa participare: medici speciali\u0219ti &#8211; 150 RON, medici reziden\u021bi &#8211; 50 RON<\/li>\n<li>Data limit\u0103 \u00eenscriere: 11 decembrie 2012<\/li>\n<li>\u00censcriere \u0219i contact: secretariat Clinica ATI<\/li>\n<li><a href=\"http:\/\/atimures.ro\/wp-content\/uploads\/2012\/09\/program-nutritie.pdf\" target=\"_blank\" rel=\"noopener noreferrer\">Program curs<\/a><\/li>\n<\/ul>\n<p><strong>2.Managementul c\u0103ilor aeriene dificile<\/strong><\/p>\n<ul>\n<li>Coordonator: Prof.d.r Sanda-Maria Copotoiu<\/li>\n<li>Data desf\u0103\u0219ur\u0103rii: 25-27 ianuarie 2013<\/li>\n<li>Locul desf\u0103\u0219ur\u0103rii: T\u00eergu Mure\u0219, SCJU, Clinica ATI I.<\/li>\n<li>Puncte EMC: 18<\/li>\n<li>Participan\u021bi: medici reziden\u021bi \u0219i speciali\u0219ti (diferite specialit\u0103\u021bi)<\/li>\n<li>Taxa participare: medici speciali\u0219ti &#8211; 150 RON, medici reziden\u021bi &#8211; 50 RON<\/li>\n<li>Data limit\u0103 \u00eenscriere: 22 ianiarie 2013, locuri limitate: 35<\/li>\n<li>\u00censcriere \u0219i contact: secretariat Clinica ATI<\/li>\n<li><a href=\"http:\/\/atimures.ro\/wp-content\/uploads\/2012\/09\/MANEGEMENTUL-CAILOR-AERIENE-ianuarie-2012-2013.pdf\" target=\"_blank\" rel=\"noopener noreferrer\">Program curs<\/a><\/li>\n<\/ul>\n<p><strong>3.Tulbur\u0103ri neurosphicice \u00een anestezie \u0219i terapie intensiv\u0103<\/strong><\/p>\n<ul>\n<li>Coordonator: \u0218ef lucr.dr. Kovacs Judit<\/li>\n<li>Data desf\u0103\u0219ur\u0103rii: 3-8 februarie 2013<\/li>\n<li>Locul desf\u0103\u0219ur\u0103rii: T\u00eergu Mure\u0219, SCJU, Clinica ATI I.<\/li>\n<li>Puncte EMC: 25<\/li>\n<li>Participan\u021bi: medici reziden\u021bi \u0219i speciali\u0219ti (diferite specialit\u0103\u021bi)<\/li>\n<li>Taxa participare: medici speciali\u0219ti &#8211; 150 RON, medici reziden\u021bi &#8211; 50 RON<\/li>\n<li>Data limit\u0103 \u00eenscriere: 31 decembrie 2012<\/li>\n<li>\u00censcriere \u0219i contact: secretariat Clinica ATI<\/li>\n<li><a href=\"http:\/\/atimures.ro\/wp-content\/uploads\/2012\/09\/Programul-cursului-postuniversitar-NPS.pdf\" target=\"_blank\" rel=\"noopener noreferrer\">Program curs<\/a><\/li>\n<\/ul>\n<p><strong>4.Epurare extrarenal\u0103 continu\u0103 \u00een terapia intensiv\u0103<\/strong><\/p>\n<ul>\n<li>Coordonator: \u0218ef lucr.dr. Ghi\u021bescu Ioana<\/li>\n<li>Data desf\u0103\u0219ur\u0103rii: 21-25 februarie 2013<\/li>\n<li>Locul desf\u0103\u0219ur\u0103rii: T\u00eergu Mure\u0219, SCJU, Clinica ATI I.<\/li>\n<li>Puncte EMC: 30<\/li>\n<li>Participan\u021bi: medici reziden\u021bi \u0219i speciali\u0219ti (ATI, nefrologie)<\/li>\n<li>Taxa participare: medici speciali\u0219ti &#8211; 200 RON, medici reziden\u021bi &#8211; 50 RON<\/li>\n<li>Data limit\u0103 \u00eenscriere: 31 ianuarie 2013<\/li>\n<li>\u00censcriere \u0219i contact: secretariat Clinica ATI<\/li>\n<\/ul>\n<p><strong>5.Importan\u021ba ultrasonografiei \u00een anestezie \u0219i terapie intensiv\u0103<\/strong><\/p>\n<ul>\n<li>Coordonator: Prof.dr. Copotoiu Sanda-Maria<\/li>\n<li>Data desf\u0103\u0219ur\u0103rii: 13-15 iunie 2013<\/li>\n<li>Locul desf\u0103\u0219ur\u0103rii: T\u00eergu Mure\u0219, SCJU, Clinica ATI I.<\/li>\n<li>Puncte EMC: 15<\/li>\n<li>Participan\u021bi: medici reziden\u021bi \u0219i speciali\u0219ti (diferite specialit\u0103\u021bi)<\/li>\n<li>Taxa participare: medici speciali\u0219ti &#8211; 150 RON, medici reziden\u021bi &#8211; 75 RON<\/li>\n<li>Data limit\u0103 \u00eenscriere: 31 mai 2013<\/li>\n<li>\u00censcriere \u0219i contact: secretariat Clinica ATI<\/li>\n<\/ul>\n<p><strong>6.Cursul CEEA<\/strong><\/p>\n<ul>\n<li>Coordonator: Prof.dr. Copotoiu Sanda-Maria<\/li>\n<li>Data desf\u0103\u0219ur\u0103rii: 18-20 septembrie 2013<\/li>\n<li>Locul desf\u0103\u0219ur\u0103rii: UMF T\u00eergu Mure\u0219<\/li>\n<li>Puncte EMC: 18<\/li>\n<li>Participan\u021bi: medici reziden\u021bi \u0219i speciali\u0219ti (ATI, medicin\u0103 de urgen\u021b\u0103)<\/li>\n<li>Taxa participare: medici speciali\u0219ti &#8211; 300 RON, medici reziden\u021bi &#8211; 150 RON<\/li>\n<li>Data limit\u0103 \u00eenscriere: 31 august 2013<\/li>\n<li>\u00censcriere \u0219i contact: secretariat Clinica ATI<\/li>\n<\/ul>\n","protected":false},"excerpt":{"rendered":"<p>Ventila\u021bia mecanic\u0103 \u0219i anestezia general\u0103 09-11 martie 2020 Coordonator: \u0218ef lucr. Dr. Raluca Fodor Curs creditat cu 18 pct EMC. Curs destinat medicilor reziden\u021bi. Procedura de \u00eenscriere: https:\/\/www.umfst.ro\/cursuri-postuniversitare\/prezentare.html Detalii privind achitarea taxei (50 RON): https:\/\/www.umfst.ro\/cursuri-postuniversitare\/achitare-taxe.html Cursul se va desfasura la &hellip; <a href=\"https:\/\/atimures.ro\/?page_id=18\">Continue reading <span class=\"meta-nav\">&rarr;<\/span><\/a><\/p>\n","protected":false},"author":2,"featured_media":0,"parent":0,"menu_order":4,"comment_status":"closed","ping_status":"closed","template":"","meta":{"footnotes":""},"class_list":["post-18","page","type-page","status-publish","hentry"],"_links":{"self":[{"href":"https:\/\/atimures.ro\/index.php?rest_route=\/wp\/v2\/pages\/18","targetHints":{"allow":["GET"]}}],"collection":[{"href":"https:\/\/atimures.ro\/index.php?rest_route=\/wp\/v2\/pages"}],"about":[{"href":"https:\/\/atimures.ro\/index.php?rest_route=\/wp\/v2\/types\/page"}],"author":[{"embeddable":true,"href":"https:\/\/atimures.ro\/index.php?rest_route=\/wp\/v2\/users\/2"}],"replies":[{"embeddable":true,"href":"https:\/\/atimures.ro\/index.php?rest_route=%2Fwp%2Fv2%2Fcomments&post=18"}],"version-history":[{"count":62,"href":"https:\/\/atimures.ro\/index.php?rest_route=\/wp\/v2\/pages\/18\/revisions"}],"predecessor-version":[{"id":1856,"href":"https:\/\/atimures.ro\/index.php?rest_route=\/wp\/v2\/pages\/18\/revisions\/1856"}],"wp:attachment":[{"href":"https:\/\/atimures.ro\/index.php?rest_route=%2Fwp%2Fv2%2Fmedia&parent=18"}],"curies":[{"name":"wp","href":"https:\/\/api.w.org\/{rel}","templated":true}]}}