{"id":175,"date":"2012-09-30T08:01:03","date_gmt":"2012-09-30T05:01:03","guid":{"rendered":"http:\/\/atimures.ro\/?page_id=175"},"modified":"2026-01-12T07:43:38","modified_gmt":"2026-01-12T05:43:38","slug":"cursuri-2","status":"publish","type":"page","link":"https:\/\/atimures.ro\/?page_id=175","title":{"rendered":"Cursuri studenti"},"content":{"rendered":"<p>Curs litografiat<\/p>\n<ul>\n<li><a href=\"http:\/\/atimures.ro\/wp-content\/uploads\/2012\/09\/Curs-studenti-lb-romana.pdf\" target=\"_blank\" rel=\"noopener\">Anestezie-terapie intensiva MG anul V &#8211; limba romana<\/a><\/li>\n<li><a href=\"http:\/\/atimures.ro\/wp-content\/uploads\/2012\/09\/Anesthesia-and-Intensive-Care-courses-for-medical-students.pdf\" target=\"_blank\" rel=\"noopener\">Anestezie-terapie intensiva MG anul V &#8211; limba engleza<\/a><\/li>\n<li><a href=\"http:\/\/atimures.ro\/wp-content\/uploads\/2018\/05\/curs-HU.pdf\" target=\"_blank\" rel=\"noopener\">Anestezie-terapie intensiva MG anul V &#8211; limba maghiara<\/a><\/li>\n<li><a href=\"http:\/\/atimures.ro\/wp-content\/uploads\/2012\/09\/TTI-romana.pdf\" target=\"_blank\" rel=\"noopener\">AMG anul III &#8211; limba romana &#8211; Ingrijiri calificate in TI<\/a><\/li>\n<li><a href=\"http:\/\/atimures.ro\/wp-content\/uploads\/2012\/09\/Intenziv-terapias-gondozas.pdf\" target=\"_blank\" rel=\"noopener\">AMG anul III &#8211; magyar &#8211; IT gondozas<\/a><\/li>\n<li><a href=\"http:\/\/atimures.ro\/wp-content\/uploads\/2012\/09\/curs-asistente-final-1.pdf\" target=\"_blank\" rel=\"noopener\">AMG anul III &#8211; limba romana &#8211; ATI<\/a><\/li>\n<li><a href=\"http:\/\/atimures.ro\/wp-content\/uploads\/2012\/09\/curs-asistente-HU.pdf\" target=\"_blank\" rel=\"noopener\">AMG anul III &#8211; limba maghiara &#8211; AT<\/a>I<\/li>\n<li><a href=\"http:\/\/atimures.ro\/wp-content\/uploads\/2012\/09\/Els\u0151seg\u00e9ly.pdf\" target=\"_blank\" rel=\"noopener\">Els\u0151seg\u00e9lyny\u00fajt\u00e1s &#8211; An I MPA\u00a0 LM<\/a><\/li>\n<\/ul>\n<p>Cursuri &#8211; limba rom\u00e2n\u0103<\/p>\n<ul>\n<li>Medicin\u0103 general\u0103 anul I &#8211; m\u0103suri de prim ajutor<\/li>\n<li>Medicin\u0103 general\u0103 anul IV &#8211; medicin\u0103 de urgen\u021b\u0103<\/li>\n<li><a title=\"MG V LR ATI II\" href=\"http:\/\/atimures.ro\/?page_id=554\">Medicin\u0103 general\u0103 anul V &#8211; anestezie-terapie intensiv\u0103 <\/a><\/li>\n<li>Medicin\u0103 dentar\u0103 anul I &#8211;\u00a0 m\u0103suri de prim ajutor<\/li>\n<li>Asisten\u021b\u0103 medical\u0103 general\u0103 anul III &#8211; anestezie-terapie intensiv\u0103<\/li>\n<li><a href=\"http:\/\/atimures.ro\/?page_id=1177\">Asisten\u021b\u0103 medical\u0103 general\u0103 anul III &#8211; \u00eengrijiri calificate \u00een ATI <\/a><\/li>\n<li>Nutri\u021bie anul III &#8211; Nutri\u021bia artificial\u0103<\/li>\n<li>BFK anul I &#8211;\u00a0 m\u0103suri de prim ajutor<\/li>\n<\/ul>\n<p>Cursuri &#8211; limba maghiar\u0103<\/p>\n<ul>\n<li><a title=\"MG I LM Prim ajutor\" href=\"http:\/\/atimures.ro\/?page_id=398\">Medicin\u0103 general\u0103 anul I &#8211;\u00a0 m\u0103suri de prim ajutor<\/a><\/li>\n<li>Medicin\u0103 general\u0103 anul IV &#8211; medicin\u0103 de urgen\u021b\u0103<\/li>\n<li><a href=\"http:\/\/atimures.ro\/?page_id=1554\">Medicin\u0103 general\u0103 anul V &#8211; anestezie-terapie intensiv\u0103<\/a><\/li>\n<li>Medicin\u0103 dentar\u0103 anul I &#8211;\u00a0 m\u0103suri de prim ajutor<\/li>\n<li><a title=\"AMG IV LM ATI\" href=\"http:\/\/atimures.ro\/?page_id=391\">Asisten\u021b\u0103 medical\u0103 general\u0103 anul III &#8211; anestezie-terapie intensiv\u0103<\/a><\/li>\n<li><a title=\"AMG IV LM TTI\" href=\"http:\/\/atimures.ro\/?page_id=579\">Asisten\u021b\u0103 medical\u0103 general\u0103 anul III &#8211; \u00eengrijiri calificate \u00een ATI<\/a><\/li>\n<\/ul>\n<p>Courses &#8211; english<\/p>\n<ul>\n<li><a title=\"Emergency Trauma Care\" href=\"http:\/\/atimures.ro\/?page_id=849\">General Medicine\u00a0IV &#8211;\u00a0Emergency Trauma Care<\/a><\/li>\n<li><a title=\"CPR\" href=\"http:\/\/atimures.ro\/?page_id=869\">General Medicine IV &#8211; Cardio-Pulmonary Resuscitation<\/a><\/li>\n<li><a href=\"http:\/\/atimures.ro\/?page_id=1142\">General Medicine V &#8211; Anesthesiology Intensive Care anestezie-terapie intensiv\u0103<\/a>\u00a0<\/li>\n<\/ul>\n<p><strong>Master<\/strong> &#8211; Terapia durerii \u0219i sedarea con\u0219tient\u0103 a pacien\u021bilor anxio\u0219i sau cu nevoi speciale<\/p>\n<p><a href=\"https:\/\/atimures.ro\/wp-content\/uploads\/2025\/12\/Master-Stoma-curs-12.pdf\" target=\"_blank\" rel=\"noopener\">Curs 1-2\u00a0<\/a><\/p>\n<p><a href=\"https:\/\/atimures.ro\/wp-content\/uploads\/2025\/12\/Master-Stoma-curs-345.pdf\" target=\"_blank\" rel=\"noopener\">Curs 3-4-5<\/a><\/p>\n<p><a href=\"https:\/\/atimures.ro\/wp-content\/uploads\/2026\/01\/Master-stoma-67.pdf\" target=\"_blank\" rel=\"noopener\">Curs 6-7<\/a><\/p>\n\n\n<p><\/p>\n","protected":false},"excerpt":{"rendered":"<p>Curs litografiat Anestezie-terapie intensiva MG anul V &#8211; limba romana Anestezie-terapie intensiva MG anul V &#8211; limba engleza Anestezie-terapie intensiva MG anul V &#8211; limba maghiara AMG anul III &#8211; limba romana &#8211; Ingrijiri calificate in TI AMG anul III &hellip; <a href=\"https:\/\/atimures.ro\/?page_id=175\">Continue reading <span class=\"meta-nav\">&rarr;<\/span><\/a><\/p>\n","protected":false},"author":2,"featured_media":0,"parent":5,"menu_order":0,"comment_status":"closed","ping_status":"closed","template":"","meta":{"footnotes":""},"class_list":["post-175","page","type-page","status-publish","hentry"],"_links":{"self":[{"href":"https:\/\/atimures.ro\/index.php?rest_route=\/wp\/v2\/pages\/175","targetHints":{"allow":["GET"]}}],"collection":[{"href":"https:\/\/atimures.ro\/index.php?rest_route=\/wp\/v2\/pages"}],"about":[{"href":"https:\/\/atimures.ro\/index.php?rest_route=\/wp\/v2\/types\/page"}],"author":[{"embeddable":true,"href":"https:\/\/atimures.ro\/index.php?rest_route=\/wp\/v2\/users\/2"}],"replies":[{"embeddable":true,"href":"https:\/\/atimures.ro\/index.php?rest_route=%2Fwp%2Fv2%2Fcomments&post=175"}],"version-history":[{"count":36,"href":"https:\/\/atimures.ro\/index.php?rest_route=\/wp\/v2\/pages\/175\/revisions"}],"predecessor-version":[{"id":2296,"href":"https:\/\/atimures.ro\/index.php?rest_route=\/wp\/v2\/pages\/175\/revisions\/2296"}],"up":[{"embeddable":true,"href":"https:\/\/atimures.ro\/index.php?rest_route=\/wp\/v2\/pages\/5"}],"wp:attachment":[{"href":"https:\/\/atimures.ro\/index.php?rest_route=%2Fwp%2Fv2%2Fmedia&parent=175"}],"curies":[{"name":"wp","href":"https:\/\/api.w.org\/{rel}","templated":true}]}}