{"id":16,"date":"2012-09-26T12:10:38","date_gmt":"2012-09-26T09:10:38","guid":{"rendered":"http:\/\/atimures.ro\/?page_id=16"},"modified":"2024-09-30T17:51:05","modified_gmt":"2024-09-30T14:51:05","slug":"ceea","status":"publish","type":"page","link":"https:\/\/atimures.ro\/?page_id=16","title":{"rendered":"CEEA"},"content":{"rendered":"<p>Scopul principal al CEEA (Comitetul pentru Educa\u0163ie European\u0103 \u00een Anestezie), este de a men\u0163ine \u015fi de a ridica standardele anesteziei la cel mai \u00eenalt nivel, prin educa\u0163ie medical\u0103 continu\u0103, care este un proces pe tot parcursul vie\u0163ii \u015fi ar trebui s\u0103 r\u0103m\u00e2n\u0103 o obliga\u0163ie etic\u0103 sub monitorizarea profesiei \u00een sine.\u00a0 Aceste workshop-uri au ca scop educa\u0163ia medicilor anestezi\u015fti \u00een conformitate cu standardele europene actuale \u015fi se desf\u0103\u015foar\u0103 simultan \u00een aproximativ 100 de centre interna\u0163ionale.<\/p>\n<p>Rom\u00e2nia organizeaz\u0103 cursurile CEEA anual la T\u00eergu Mure\u015f \u00een colaborare cu partenerii no\u015ftrii de peste hotare.<\/p>\n<p>\u201eCEEA aim: Continuing medical education to improve professional practice\u201d<\/p>\n<p><a href=\"https:\/\/ceea.umfst.ro\">CEEA 2024<\/a><\/p>\n<p><a href=\"https:\/\/ceea2023.umfst.ro\/\">CEEA 2023<\/a><\/p>\n<p>CEEA 2022<\/p>\n<p><a href=\"https:\/\/atimures.ro\/?page_id=1964\">CEEA 2021<\/a><\/p>\n<p><a href=\"https:\/\/atimures.ro\/?page_id=1960\">CEEA 2019<\/a><\/p>\n<p><a href=\"http:\/\/atimures.ro\/?page_id=1669\">CEEA 2018<\/a><\/p>\n<p><a href=\"http:\/\/atimures.ro\/?page_id=1436\">CEEA 2017<\/a><\/p>\n<p><a href=\"http:\/\/atimures.ro\/?page_id=1289\">CEEA 2016<\/a><\/p>\n<p><a href=\"http:\/\/atimures.ro\/?page_id=1128\">CEEA 2015<\/a><\/p>\n<p><a title=\"CEEA 2014\" href=\"http:\/\/atimures.ro\/?page_id=921\">CEEA 2014<\/a><\/p>\n<p><a title=\"CEEA 2013\" href=\"http:\/\/atimures.ro\/?page_id=681\">CEEA 2013<\/a><\/p>\n<p><a title=\"CEEA 2012\" href=\"http:\/\/atimures.ro\/?page_id=44\">CEEA 2012<\/a><\/p>\n<p><a title=\"CEEA 2011\" href=\"http:\/\/atimures.ro\/?page_id=267\">CEEA 2011<\/a><\/p>\n","protected":false},"excerpt":{"rendered":"<p>Scopul principal al CEEA (Comitetul pentru Educa\u0163ie European\u0103 \u00een Anestezie), este de a men\u0163ine \u015fi de a ridica standardele anesteziei la cel mai \u00eenalt nivel, prin educa\u0163ie medical\u0103 continu\u0103, care este un proces pe tot parcursul vie\u0163ii \u015fi ar trebui &hellip; <a href=\"https:\/\/atimures.ro\/?page_id=16\">Continue reading <span class=\"meta-nav\">&rarr;<\/span><\/a><\/p>\n","protected":false},"author":2,"featured_media":0,"parent":0,"menu_order":3,"comment_status":"closed","ping_status":"closed","template":"","meta":{"footnotes":""},"class_list":["post-16","page","type-page","status-publish","hentry"],"_links":{"self":[{"href":"https:\/\/atimures.ro\/index.php?rest_route=\/wp\/v2\/pages\/16","targetHints":{"allow":["GET"]}}],"collection":[{"href":"https:\/\/atimures.ro\/index.php?rest_route=\/wp\/v2\/pages"}],"about":[{"href":"https:\/\/atimures.ro\/index.php?rest_route=\/wp\/v2\/types\/page"}],"author":[{"embeddable":true,"href":"https:\/\/atimures.ro\/index.php?rest_route=\/wp\/v2\/users\/2"}],"replies":[{"embeddable":true,"href":"https:\/\/atimures.ro\/index.php?rest_route=%2Fwp%2Fv2%2Fcomments&post=16"}],"version-history":[{"count":25,"href":"https:\/\/atimures.ro\/index.php?rest_route=\/wp\/v2\/pages\/16\/revisions"}],"predecessor-version":[{"id":2189,"href":"https:\/\/atimures.ro\/index.php?rest_route=\/wp\/v2\/pages\/16\/revisions\/2189"}],"wp:attachment":[{"href":"https:\/\/atimures.ro\/index.php?rest_route=%2Fwp%2Fv2%2Fmedia&parent=16"}],"curies":[{"name":"wp","href":"https:\/\/api.w.org\/{rel}","templated":true}]}}