{"id":1554,"date":"2018-05-24T08:30:17","date_gmt":"2018-05-24T05:30:17","guid":{"rendered":"http:\/\/atimures.ro\/?page_id=1554"},"modified":"2025-11-04T12:19:23","modified_gmt":"2025-11-04T10:19:23","slug":"ati-v-mg-lm","status":"publish","type":"page","link":"https:\/\/atimures.ro\/?page_id=1554","title":{"rendered":"ATI V MG-LM"},"content":{"rendered":"<p><strong>2025 &#8211; 2026<\/strong><\/p>\n<p><a href=\"https:\/\/atimures.ro\/wp-content\/uploads\/2025\/09\/1-Legzes.pdf\" target=\"_blank\" rel=\"noopener\">1.L\u00e9gz\u00e9s.<\/a><\/p>\n<p><a href=\"https:\/\/atimures.ro\/wp-content\/uploads\/2025\/09\/2-Kardiogen-sokk.pdf\" target=\"_blank\" rel=\"noopener\">2.Cardio.<\/a><\/p>\n<p><a href=\"https:\/\/atimures.ro\/wp-content\/uploads\/2025\/10\/3-Vese.pdf\" target=\"_blank\" rel=\"noopener\">3.Vese.<\/a><\/p>\n<p><a href=\"https:\/\/atimures.ro\/wp-content\/uploads\/2025\/10\/4-Majdiszfunkcio-es-gasztrointesztinalis-mukodeszavarok.pdf\" target=\"_blank\" rel=\"noopener\">4.M\u00e1j &#8211; T\u00e1pcsatorna.<\/a><\/p>\n<p><a href=\"https:\/\/atimures.ro\/wp-content\/uploads\/2025\/10\/5-Savbazis-vizelektrolit.pdf\" target=\"_blank\" rel=\"noopener\">5.Sav-b\u00e1zis. Hidroelektrolitkus.<\/a><\/p>\n<p><a href=\"https:\/\/atimures.ro\/wp-content\/uploads\/2025\/10\/6-Folyadek-Vertranszfuzio-DIC.pdf\" target=\"_blank\" rel=\"noopener\">6.Folyad\u00e9kter\u00e1pia. Transzf\u00fazi\u00f3.<\/a><\/p>\n<p><a href=\"https:\/\/atimures.ro\/wp-content\/uploads\/2025\/10\/7-SOKK.pdf\" target=\"_blank\" rel=\"noopener\">7.Sokk.<\/a><\/p>\n<p><a href=\"https:\/\/atimures.ro\/wp-content\/uploads\/2025\/11\/8-nutricio.pdf\" target=\"_blank\" rel=\"noopener\">8.Nutrici\u00f3.<\/a><\/p>\n<p><a href=\"https:\/\/atimures.ro\/wp-content\/uploads\/2025\/10\/9-Mergezesek.pdf\" target=\"_blank\" rel=\"noopener\">9.M\u00e9rgez\u00e9sek.<\/a><\/p>\n<p><a href=\"https:\/\/atimures.ro\/wp-content\/uploads\/2025\/10\/10-Neurol-diszf-es-fajdalom-2o25.pdf\" target=\"_blank\" rel=\"noopener\">10.Neuro. F\u00e1jdalom.<\/a><\/p>\n<p><a href=\"https:\/\/atimures.ro\/wp-content\/uploads\/2025\/10\/8-Endokrin-diszfunkcio.pdf\" target=\"_blank\" rel=\"noopener\">11.Endo. H\u0151szab\u00e1lyoz\u00e1s.<\/a><\/p>\n<p><a href=\"https:\/\/atimures.ro\/wp-content\/uploads\/2025\/10\/12-Agyhalal.pdf\" target=\"_blank\" rel=\"noopener\">12.Agyhal\u00e1l.<\/a><\/p>\n<p><a href=\"https:\/\/atimures.ro\/wp-content\/uploads\/2025\/11\/13-Etika.pdf\" target=\"_blank\" rel=\"noopener\">13.Etika<\/a>.<\/p>\n<p><a href=\"https:\/\/atimures.ro\/wp-content\/uploads\/2025\/10\/14-Anesztezia.pdf\" target=\"_blank\" rel=\"noopener\">14.Aneszt.<\/a><\/p>\n<p><strong>2024<\/strong><\/p>\n<p><a href=\"https:\/\/atimures.ro\/wp-content\/uploads\/2024\/04\/1.-Legzesi-elegt.pdf\" target=\"_blank\" rel=\"noopener\">1.L\u00e9gz\u00e9s<\/a><\/p>\n<p><a href=\"https:\/\/atimures.ro\/wp-content\/uploads\/2024\/04\/2-szivelegt.pdf\" target=\"_blank\" rel=\"noopener\">2.Sziv<\/a><\/p>\n<p><a href=\"https:\/\/atimures.ro\/wp-content\/uploads\/2024\/04\/3-Veseelegt.pdf\" target=\"_blank\" rel=\"noopener\">3.Vese\u00a0<\/a><\/p>\n<p><a href=\"https:\/\/atimures.ro\/wp-content\/uploads\/2024\/04\/4-Majelegtelenseg.pdf\" target=\"_blank\" rel=\"noopener\">4.M\u00e1jel\u00e9gtelens\u00e9g<\/a><\/p>\n<p><a href=\"https:\/\/atimures.ro\/wp-content\/uploads\/2024\/04\/5-Hidro-elektrolitikai-zavarok.pdf\" target=\"_blank\" rel=\"noopener\">5.Hidro-elektrolitikus zavarok<\/a><\/p>\n<p><a href=\"https:\/\/atimures.ro\/wp-content\/uploads\/2024\/04\/6-sav-bazis-egyensuly.pdf\" target=\"_blank\" rel=\"noopener\">6.Sav-b\u00e1zis egyens\u00faly<\/a><\/p>\n<p><a href=\"https:\/\/atimures.ro\/wp-content\/uploads\/2024\/04\/7-mest-taplalas.pdf\" target=\"_blank\" rel=\"noopener\">7.Mesters\u00e9ges t\u00e1pl\u00e1l\u00e1s<\/a><\/p>\n<p><a href=\"https:\/\/atimures.ro\/wp-content\/uploads\/2024\/04\/8-Neurol-diszf.pdf\" target=\"_blank\" rel=\"noopener\">8.Neurol\u00f3giai diszfunkci\u00f3\u00a0<\/a><\/p>\n<p><a href=\"https:\/\/atimures.ro\/wp-content\/uploads\/2024\/05\/9_a-SOKK-12.pdf\" target=\"_blank\" rel=\"noopener\">9-10. Sokk<\/a><\/p>\n<p><a href=\"https:\/\/atimures.ro\/wp-content\/uploads\/2024\/12\/11-Fajd-csillapitas.pdf\" target=\"_blank\" rel=\"noopener\">11. F\u00e1jdalomcsilapit\u00e1s<\/a><\/p>\n<p><a href=\"https:\/\/atimures.ro\/wp-content\/uploads\/2024\/12\/12-Intoxicatii-magyarul1.pdf\" target=\"_blank\" rel=\"noopener\">12. M\u00e9rgez\u00e9sek<\/a><\/p>\n<p><a href=\"https:\/\/atimures.ro\/wp-content\/uploads\/2024\/12\/13-Anesztezia.pdf\" target=\"_blank\" rel=\"noopener\">13. Aneszt\u00e9zia<\/a><\/p>\n<p><a href=\"https:\/\/atimures.ro\/wp-content\/uploads\/2024\/12\/14-Szervtranszplantacio.pdf\" target=\"_blank\" rel=\"noopener\">14. Szervtranszplant\u00e1ci\u00f3<\/a><\/p>\n<p><strong>2022<\/strong><\/p>\n<p><a href=\"https:\/\/atimures.ro\/wp-content\/uploads\/2022\/05\/1.-Legzesi-elegt.pdf\">1. Legzesi elegt<\/a><\/p>\n<p><a href=\"https:\/\/atimures.ro\/wp-content\/uploads\/2022\/05\/2-szivelegt-2021.pdf\">2 Sz\u00edvelegtelenseg<\/a><\/p>\n<p><a href=\"https:\/\/atimures.ro\/wp-content\/uploads\/2022\/05\/3-Veseelegt.pdf\">3 Veseelegt<\/a><\/p>\n<p><a href=\"https:\/\/atimures.ro\/wp-content\/uploads\/2022\/05\/4-Majelegtelenseg.pdf\">4 M\u00e1jel\u00e9gtelens\u00e9g\u00a0<\/a><\/p>\n<p><a href=\"https:\/\/atimures.ro\/wp-content\/uploads\/2022\/05\/5-Hidro-elektrolitikai-zavarok.pdf\" target=\"_blank\" rel=\"noopener\">5.Hidroelektrolitikus zavar<\/a><\/p>\n<p><a href=\"https:\/\/atimures.ro\/wp-content\/uploads\/2022\/05\/6-sav-bazis-egyensuly.pdf\" target=\"_blank\" rel=\"noopener\">6.Sav-bazis egyensuly<\/a><\/p>\n<p><a href=\"https:\/\/atimures.ro\/wp-content\/uploads\/2022\/05\/7-mest-taplalas.pdf\" target=\"_blank\" rel=\"noopener\">7.Mesterseges taplalkozas<\/a><\/p>\n<p><a href=\"https:\/\/atimures.ro\/wp-content\/uploads\/2022\/05\/8-Neurol-diszf.pdf\" target=\"_blank\" rel=\"noopener\">8.Neurologiai diszfunkcio<\/a><\/p>\n<p><a href=\"https:\/\/atimures.ro\/wp-content\/uploads\/2022\/05\/9_a-SOKK-12.pdf\" target=\"_blank\" rel=\"noopener\">9.Shock<\/a><\/p>\n<p>10.Shock &#8211; TBL<\/p>\n<p><a href=\"https:\/\/atimures.ro\/wp-content\/uploads\/2022\/05\/11-Fajd-csillapitas.pdf\" target=\"_blank\" rel=\"noopener\">11.Fajdalom terapia<\/a><\/p>\n<p><a href=\"https:\/\/atimures.ro\/wp-content\/uploads\/2022\/05\/12-Intoxicatii-magyarul1.pdf\" target=\"_blank\" rel=\"noopener\">12.Mergezesek<\/a><\/p>\n<p><a href=\"https:\/\/atimures.ro\/wp-content\/uploads\/2022\/05\/13-Anesztezia.pdf\" target=\"_blank\" rel=\"noopener\">13.Anesztezia<\/a><\/p>\n<p><a href=\"https:\/\/atimures.ro\/wp-content\/uploads\/2023\/06\/14-Szervtranszplantacio.pdf\" target=\"_blank\" rel=\"noopener\">14.Szerv-transzplantacio<\/a><\/p>\n<p><strong>2020<\/strong><\/p>\n<p><a href=\"http:\/\/atimures.ro\/wp-content\/uploads\/2018\/05\/1.-Legzes.pdf\">1. Legzes<\/a><\/p>\n<p><a href=\"http:\/\/atimures.ro\/wp-content\/uploads\/2018\/05\/2.Szivmukodesi-zavar.pdf\">2.Szivmukodesi zavar<\/a><\/p>\n<p><a href=\"http:\/\/atimures.ro\/wp-content\/uploads\/2018\/05\/4.Hidroelektrolitikus-zavarok.pdf\">4.Hidroelektrolitikus zavarok<\/a><\/p>\n<p><a href=\"http:\/\/atimures.ro\/wp-content\/uploads\/2018\/05\/5.sav-b\u00e1zis-egyens\u00faly.pdf\">5.sav-b\u00e1zis egyens\u00faly<\/a><\/p>\n<p><a href=\"http:\/\/atimures.ro\/wp-content\/uploads\/2018\/05\/6.Majelegt-nutricio.pdf\">6.Majelegt-nutricio<\/a><\/p>\n<p><a href=\"http:\/\/atimures.ro\/wp-content\/uploads\/2018\/05\/7.Sokk_.pdf\">7.Sokk<\/a><\/p>\n<p><a href=\"http:\/\/atimures.ro\/wp-content\/uploads\/2018\/05\/8.Sepsis.pdf\">8.Sepsis<\/a><\/p>\n<p><a href=\"http:\/\/atimures.ro\/wp-content\/uploads\/2018\/05\/9.Neurolog.pdf\">9.Neurolog<\/a><\/p>\n<p><a href=\"http:\/\/atimures.ro\/wp-content\/uploads\/2018\/05\/10.Anesztezia.pdf\">10.Anesztezia<\/a><\/p>\n","protected":false},"excerpt":{"rendered":"<p>2025 &#8211; 2026 1.L\u00e9gz\u00e9s. 2.Cardio. 3.Vese. 4.M\u00e1j &#8211; T\u00e1pcsatorna. 5.Sav-b\u00e1zis. Hidroelektrolitkus. 6.Folyad\u00e9kter\u00e1pia. Transzf\u00fazi\u00f3. 7.Sokk. 8.Nutrici\u00f3. 9.M\u00e9rgez\u00e9sek. 10.Neuro. F\u00e1jdalom. 11.Endo. H\u0151szab\u00e1lyoz\u00e1s. 12.Agyhal\u00e1l. 13.Etika. 14.Aneszt. 2024 1.L\u00e9gz\u00e9s 2.Sziv 3.Vese\u00a0 4.M\u00e1jel\u00e9gtelens\u00e9g 5.Hidro-elektrolitikus zavarok 6.Sav-b\u00e1zis egyens\u00faly 7.Mesters\u00e9ges t\u00e1pl\u00e1l\u00e1s 8.Neurol\u00f3giai diszfunkci\u00f3\u00a0 9-10. Sokk 11. F\u00e1jdalomcsilapit\u00e1s &hellip; <a href=\"https:\/\/atimures.ro\/?page_id=1554\">Continue reading <span class=\"meta-nav\">&rarr;<\/span><\/a><\/p>\n","protected":false},"author":2,"featured_media":0,"parent":0,"menu_order":0,"comment_status":"closed","ping_status":"closed","template":"","meta":{"footnotes":""},"class_list":["post-1554","page","type-page","status-publish","hentry"],"_links":{"self":[{"href":"https:\/\/atimures.ro\/index.php?rest_route=\/wp\/v2\/pages\/1554","targetHints":{"allow":["GET"]}}],"collection":[{"href":"https:\/\/atimures.ro\/index.php?rest_route=\/wp\/v2\/pages"}],"about":[{"href":"https:\/\/atimures.ro\/index.php?rest_route=\/wp\/v2\/types\/page"}],"author":[{"embeddable":true,"href":"https:\/\/atimures.ro\/index.php?rest_route=\/wp\/v2\/users\/2"}],"replies":[{"embeddable":true,"href":"https:\/\/atimures.ro\/index.php?rest_route=%2Fwp%2Fv2%2Fcomments&post=1554"}],"version-history":[{"count":32,"href":"https:\/\/atimures.ro\/index.php?rest_route=\/wp\/v2\/pages\/1554\/revisions"}],"predecessor-version":[{"id":2279,"href":"https:\/\/atimures.ro\/index.php?rest_route=\/wp\/v2\/pages\/1554\/revisions\/2279"}],"wp:attachment":[{"href":"https:\/\/atimures.ro\/index.php?rest_route=%2Fwp%2Fv2%2Fmedia&parent=1554"}],"curies":[{"name":"wp","href":"https:\/\/api.w.org\/{rel}","templated":true}]}}