{"id":1455,"date":"2017-10-02T17:09:15","date_gmt":"2017-10-02T14:09:15","guid":{"rendered":"http:\/\/atimures.ro\/?page_id=1455"},"modified":"2021-11-01T17:23:35","modified_gmt":"2021-11-01T15:23:35","slug":"medisim-2nd-edition","status":"publish","type":"page","link":"https:\/\/atimures.ro\/?page_id=1455","title":{"rendered":"MediSim"},"content":{"rendered":"<p>Chairmans:<\/p>\n<p>Stefan Gisin &#8211; Vice President of <a href=\"https:\/\/www.sesam-web.org\/\" target=\"_blank\" rel=\"noopener\">SESAM<\/a><\/p>\n<p>Marc Lazarovici &#8211; Head of\u00a0Human Simulation Center at the <a href=\"http:\/\/www.inm-online.de\/en\/\" target=\"_blank\" rel=\"noopener\">Institute for Emergency Medicine, Munich<\/a><\/p>\n<p>Taxa de participare la MediSim 2017 este de\u00a0100 RON.<br \/>\nPl\u0103\u0163ile vor fi efectuate \u00een contul Societatii pentru Simulare Aplicata in Medicina:<br \/>\nIBAN: RO05 BTRL RONCRT 0253055301, deschis la Banca Transilvania, cu men\u0163iunea &#8220;Medisim 2017&#8221;.<\/p>\n<p>Conferinta este creditata cu 18 puncte EMC.<\/p>\n<p>Programul final poate fi consultat <a href=\"http:\/\/atimures.ro\/wp-content\/uploads\/2017\/12\/program-MediSim.pdf\" target=\"_blank\" rel=\"noopener\">aici<\/a>.<\/p>\n<p>Perioada de inscrieri online s-a incheiat. Se mai pot efectua doar inscrieri on-site.<\/p>\n","protected":false},"excerpt":{"rendered":"<p>Chairmans: Stefan Gisin &#8211; Vice President of SESAM Marc Lazarovici &#8211; Head of\u00a0Human Simulation Center at the Institute for Emergency Medicine, Munich Taxa de participare la MediSim 2017 este de\u00a0100 RON. Pl\u0103\u0163ile vor fi efectuate \u00een contul Societatii pentru Simulare &hellip; <a href=\"https:\/\/atimures.ro\/?page_id=1455\">Continue reading <span class=\"meta-nav\">&rarr;<\/span><\/a><\/p>\n","protected":false},"author":1001003,"featured_media":0,"parent":0,"menu_order":0,"comment_status":"closed","ping_status":"closed","template":"","meta":{"footnotes":""},"class_list":["post-1455","page","type-page","status-publish","hentry"],"_links":{"self":[{"href":"https:\/\/atimures.ro\/index.php?rest_route=\/wp\/v2\/pages\/1455","targetHints":{"allow":["GET"]}}],"collection":[{"href":"https:\/\/atimures.ro\/index.php?rest_route=\/wp\/v2\/pages"}],"about":[{"href":"https:\/\/atimures.ro\/index.php?rest_route=\/wp\/v2\/types\/page"}],"author":[{"embeddable":true,"href":"https:\/\/atimures.ro\/index.php?rest_route=\/wp\/v2\/users\/1001003"}],"replies":[{"embeddable":true,"href":"https:\/\/atimures.ro\/index.php?rest_route=%2Fwp%2Fv2%2Fcomments&post=1455"}],"version-history":[{"count":28,"href":"https:\/\/atimures.ro\/index.php?rest_route=\/wp\/v2\/pages\/1455\/revisions"}],"predecessor-version":[{"id":1959,"href":"https:\/\/atimures.ro\/index.php?rest_route=\/wp\/v2\/pages\/1455\/revisions\/1959"}],"wp:attachment":[{"href":"https:\/\/atimures.ro\/index.php?rest_route=%2Fwp%2Fv2%2Fmedia&parent=1455"}],"curies":[{"name":"wp","href":"https:\/\/api.w.org\/{rel}","templated":true}]}}