{"id":1436,"date":"2017-07-16T09:02:08","date_gmt":"2017-07-16T06:02:08","guid":{"rendered":"http:\/\/atimures.ro\/?page_id=1436"},"modified":"2018-12-17T11:36:36","modified_gmt":"2018-12-17T09:36:36","slug":"ceea-2017","status":"publish","type":"page","link":"https:\/\/atimures.ro\/?page_id=1436","title":{"rendered":"CEEA 2017"},"content":{"rendered":"<p><strong>Anestezia \u00een func\u021bie de tipul interven\u021biei chirurgicale. Management perioperator.<\/strong><\/p>\n<p>T\u00eergu Mure\u0219, 13-15 Decembrie 2017<\/p>\n<p><a href=\"http:\/\/atimures.ro\/wp-content\/uploads\/2017\/07\/Tematica-CEEA.pdf\" target=\"_blank\" rel=\"noopener\">Subiecte de interes<\/a><\/p>\n<p><a href=\"http:\/\/ceea.umftgm.ro\/program 2017.pdf\" target=\"_blank\" rel=\"noopener\" data-wplink-url-error=\"true\">Programul cursului<\/a><\/p>\n<p>Cursuri<\/p>\n<ul>\n<li><a href=\"http:\/\/atimures.ro\/wp-content\/uploads\/2018\/10\/Sanda-Maria-Copotoiu-Consultul-preanestezic.pdf\" target=\"_blank\" rel=\"noopener\">Sanda-Maria Copotoiu &#8211; Consultul preanestezic<\/a><\/li>\n<li><a href=\"http:\/\/atimures.ro\/wp-content\/uploads\/2018\/10\/Dana-Ionescu-Anestezia-in-chirurgia-colorectala.pdf\" target=\"_blank\" rel=\"noopener\">Dana Ionescu &#8211; Anestezia in chirurgia colorectala<\/a><\/li>\n<li><a href=\"http:\/\/atimures.ro\/wp-content\/uploads\/2018\/10\/Simona-Margarit-Anestezia-in-chirurgia-esofagului.pdf\" target=\"_blank\" rel=\"noopener\">Simona Margarit &#8211; Anestezia in chirurgia esofagului<\/a><\/li>\n<li><a href=\"http:\/\/atimures.ro\/wp-content\/uploads\/2018\/10\/Constantin-Bodolea-Anestezia-pentru-proceduri-endoscopice.pdf\" target=\"_blank\" rel=\"noopener\">Constantin Bodolea &#8211; Anestezia pentru proceduri endoscopice<\/a><\/li>\n<li><a href=\"http:\/\/atimures.ro\/wp-content\/uploads\/2018\/10\/Calin-Mitre-Anestezia-la-pacientul-cu-afectiuni-hepatice.pdf\" target=\"_blank\" rel=\"noopener\">Calin Mitre &#8211; Anestezia la pacientul cu afectiuni hepatice<\/a><\/li>\n<li><a href=\"http:\/\/atimures.ro\/wp-content\/uploads\/2018\/10\/Claudiu-Zdrehus-Anestezia-in-chirurgia-oftalmologica.pdf\" target=\"_blank\" rel=\"noopener\">Claudiu Zdrehus &#8211; Anestezia in chirurgia oftalmologica<\/a><\/li>\n<li><a href=\"http:\/\/atimures.ro\/wp-content\/uploads\/2018\/10\/Dan-Dirzu-Analgezia-postoperatorie.pdf\" target=\"_blank\" rel=\"noopener\">Dan Dirzu &#8211; Analgezia postoperatorie<\/a><\/li>\n<li><a href=\"http:\/\/atimures.ro\/wp-content\/uploads\/2018\/10\/Elena-Copaciu-MANAGEMENTUL-PERIOPERATOR-IN-URGENTELE-NEUROCHIRURGICALE-VASCULARE.pdf\" target=\"_blank\" rel=\"noopener\">Elena Copaciu &#8211; Managementul perioperator in urgentele neurochirurgicale vasculare<\/a><\/li>\n<li><a href=\"http:\/\/atimures.ro\/wp-content\/uploads\/2018\/10\/Nicolae-Vaculin-Managementul-pacientului-cu-tumori-selare.pdf\" target=\"_blank\" rel=\"noopener\">Nicolae Vaculin &#8211; Managementul pacientului cu tumori selare<\/a><\/li>\n<li><a href=\"http:\/\/atimures.ro\/wp-content\/uploads\/2018\/10\/Alice-Dragoescu-Particularit\u0103\u021bile-anesteziei-\u00een-chirurgia-tumorilor-cu-localizare-oro-maxilo-faciala.pdf\" target=\"_blank\" rel=\"noopener\">Alice Dragoescu &#8211; Particularit\u0103\u021bile anesteziei \u00een chirurgia tumorilor cu localizare oro-maxilo-faciala<\/a><\/li>\n<li><a href=\"http:\/\/atimures.ro\/wp-content\/uploads\/2018\/10\/Maria-Stoica-Utilizarea-perioperatorie-a-acidului-tranexamic-\u00een-chirurgia-ortopedica.pdf\" target=\"_blank\" rel=\"noopener\">Maria Stoica &#8211; Utilizarea perioperatorie a acidului tranexamic \u00een chirurgia ortopedica<\/a><\/li>\n<li><a href=\"http:\/\/atimures.ro\/wp-content\/uploads\/2018\/10\/Gabriel-Gurman-Urgency-vs-emergency.pdf\" target=\"_blank\" rel=\"noopener\">Gabriel Gurman &#8211; Urgency vs emergency<\/a><\/li>\n<li><a href=\"http:\/\/atimures.ro\/wp-content\/uploads\/2018\/10\/Radu-Stoica-Criterii-de-stabilire-a-riscul-anestezico-chirurgical-\u00een-chirurgia-toracic\u0103-non-cardiac\u0103.pdf\" target=\"_blank\" rel=\"noopener\">Radu Stoica &#8211; Criterii de stabilire a riscul anestezico-chirurgical \u00een chirurgia toracic\u0103 non-cardiac\u0103<\/a><\/li>\n<li><a href=\"http:\/\/atimures.ro\/wp-content\/uploads\/2018\/10\/Adela-Onutu-Acordul-informat-\u0219i-listele-de-verificare-pentru-blocurile-de-plex.pdf\" target=\"_blank\" rel=\"noopener\">Adela Onutu &#8211; Acordul informat \u0219i listele de verificare pentru blocurile de plex<\/a><\/li>\n<li><a href=\"http:\/\/atimures.ro\/wp-content\/uploads\/2018\/10\/Ruxandra-Copotoiu-Anestezia-in-sismoterapie.pdf\" target=\"_blank\" rel=\"noopener\">Ruxandra Copotoiu &#8211; Anestezia in sismoterapie<\/a><\/li>\n<li><a href=\"http:\/\/atimures.ro\/wp-content\/uploads\/2018\/10\/Gabriel-Gurman-Pneumotoracele-ocult.pdf\" target=\"_blank\" rel=\"noopener\">Gabriel Gurman &#8211; Pneumotoracele ocult<\/a><\/li>\n<li><a href=\"http:\/\/atimures.ro\/wp-content\/uploads\/2018\/10\/Ioana-Grintescu-Damage-Control-Anesthesia-in-Multiple-Trauma-Patients.pdf\" target=\"_blank\" rel=\"noopener\">Ioana Grintescu &#8211; Damage Control Anesthesia in Multiple Trauma Patients<\/a><\/li>\n<li>Dorel Sandesc &#8211; Anemia preoperatorie<\/li>\n<li><a href=\"http:\/\/atimures.ro\/wp-content\/uploads\/2018\/10\/Ovidiu-Bedreag-Anesthesia-for-ambulatory-surgery.pdf\" target=\"_blank\" rel=\"noopener\">Ovidiu Bedreag &#8211; Anesthesia for ambulatory surgery<\/a><\/li>\n<li>Marius Papurica &#8211; Anestezia in chirurgia robotica<\/li>\n<li><a href=\"http:\/\/atimures.ro\/wp-content\/uploads\/2018\/10\/Liliana-Mirea-Rolul-analgetic-al-blocului-de-plan-transvers-abdominal-\u00een-chirurgia-abdominal\u0103-inferioar\u0103.pdf\" target=\"_blank\" rel=\"noopener\">Liliana Mirea &#8211; Rolul analgetic al blocului de plan transvers abdominal \u00een chirurgia abdominal\u0103 inferioar\u0103<\/a><\/li>\n<li><a href=\"http:\/\/atimures.ro\/wp-content\/uploads\/2018\/10\/Cristina-Petrisor-Anestezia-la-pacien\u021bii-cu-obezitate-morbid\u0103.pdf\" target=\"_blank\" rel=\"noopener\">Cristina Petrisor &#8211; Anestezia la pacien\u021bii cu obezitate morbid\u0103<\/a><\/li>\n<li><a href=\"http:\/\/atimures.ro\/wp-content\/uploads\/2018\/10\/Judit-Kovacs-Anestezia-la-varstnici.pdf\" target=\"_blank\" rel=\"noopener\">Judit Kovacs &#8211; Anestezia la varstnici<\/a><\/li>\n<li><a href=\"http:\/\/atimures.ro\/wp-content\/uploads\/2018\/10\/Daniela-Cernea-Managementul-anestezic-la-gravida-cu-Miastenia-Gravis.pdf\" target=\"_blank\" rel=\"noopener\">Daniela Cernea &#8211; Managementul anestezic la gravida cu Miastenia Gravis<\/a><\/li>\n<li><a href=\"http:\/\/atimures.ro\/wp-content\/uploads\/2018\/10\/Florin-Purcaru-Anestezia-la-pacientii-uremici.pdf\" target=\"_blank\" rel=\"noopener\">Florea Purcaru &#8211; Anestezia la pacientii uremici<\/a><\/li>\n<li><a href=\"http:\/\/atimures.ro\/wp-content\/uploads\/2018\/10\/Raluca-Fodor-Managementul-perioperator-al-pacien\u021bilor-cu-feocromocitom.pdf\">Raluca Fodor &#8211; Managementul perioperator al pacien\u021bilor cu feocromocitom<\/a><\/li>\n<li><a href=\"http:\/\/atimures.ro\/wp-content\/uploads\/2018\/10\/Sorin-Pascanu-Managementul-perioperator-al-copiilor-cu-malformatii-cardiace-congenitale.pdf\">Sorin Pascanu &#8211; Managementul perioperator al copiilor cu malformatii cardiace congenitale<\/a><\/li>\n<li><a href=\"http:\/\/atimures.ro\/wp-content\/uploads\/2018\/10\/Cristian-Tanase-Managementul-perioperator-al-copiilor.pdf\">Cristian Tanase &#8211; Managementul perioperator al copiilor<\/a><\/li>\n<\/ul>\n","protected":false},"excerpt":{"rendered":"<p>Anestezia \u00een func\u021bie de tipul interven\u021biei chirurgicale. Management perioperator. T\u00eergu Mure\u0219, 13-15 Decembrie 2017 Subiecte de interes Programul cursului Cursuri Sanda-Maria Copotoiu &#8211; Consultul preanestezic Dana Ionescu &#8211; Anestezia in chirurgia colorectala Simona Margarit &#8211; Anestezia in chirurgia esofagului Constantin &hellip; <a href=\"https:\/\/atimures.ro\/?page_id=1436\">Continue reading <span class=\"meta-nav\">&rarr;<\/span><\/a><\/p>\n","protected":false},"author":2,"featured_media":0,"parent":16,"menu_order":0,"comment_status":"closed","ping_status":"closed","template":"","meta":{"footnotes":""},"class_list":["post-1436","page","type-page","status-publish","hentry"],"_links":{"self":[{"href":"https:\/\/atimures.ro\/index.php?rest_route=\/wp\/v2\/pages\/1436","targetHints":{"allow":["GET"]}}],"collection":[{"href":"https:\/\/atimures.ro\/index.php?rest_route=\/wp\/v2\/pages"}],"about":[{"href":"https:\/\/atimures.ro\/index.php?rest_route=\/wp\/v2\/types\/page"}],"author":[{"embeddable":true,"href":"https:\/\/atimures.ro\/index.php?rest_route=\/wp\/v2\/users\/2"}],"replies":[{"embeddable":true,"href":"https:\/\/atimures.ro\/index.php?rest_route=%2Fwp%2Fv2%2Fcomments&post=1436"}],"version-history":[{"count":11,"href":"https:\/\/atimures.ro\/index.php?rest_route=\/wp\/v2\/pages\/1436\/revisions"}],"predecessor-version":[{"id":1677,"href":"https:\/\/atimures.ro\/index.php?rest_route=\/wp\/v2\/pages\/1436\/revisions\/1677"}],"up":[{"embeddable":true,"href":"https:\/\/atimures.ro\/index.php?rest_route=\/wp\/v2\/pages\/16"}],"wp:attachment":[{"href":"https:\/\/atimures.ro\/index.php?rest_route=%2Fwp%2Fv2%2Fmedia&parent=1436"}],"curies":[{"name":"wp","href":"https:\/\/api.w.org\/{rel}","templated":true}]}}