{"id":14,"date":"2012-09-26T12:09:13","date_gmt":"2012-09-26T09:09:13","guid":{"rendered":"http:\/\/atimures.ro\/?page_id=14"},"modified":"2013-10-30T05:57:46","modified_gmt":"2013-10-30T03:57:46","slug":"doctoranzi","status":"publish","type":"page","link":"https:\/\/atimures.ro\/?page_id=14","title":{"rendered":"Link-uri"},"content":{"rendered":"<p><a href=\"http:\/\/www.umftgm.ro\/\" target=\"_blank\">Universitatea de Medicin\u0103 \u0219i Farmacie T\u00eergu Mure\u0219<\/a><\/p>\n<p><a href=\"http:\/\/www.umftgm.ro\/centrul-de-simulare-si-abilitati-practice.html\" target=\"_blank\">Centrul de simulare si abilit\u0103\u021bi practice<\/a><\/p>\n<p><a href=\"http:\/\/www.spitjudms.ro\/\" target=\"_blank\">Spitalul Clinic Jude\u021bean de Urgen\u021b\u0103 T\u00eergu Mure\u0219<\/a><\/p>\n<p><a href=\"http:\/\/www.ammjournal.ro\" target=\"_blank\">Jurnalul Acta Medica Marisiensis<\/a><\/p>\n<p><a href=\"http:\/\/www.smurd.ro\/\" target=\"_blank\">S.M.U.R.D.<\/a><\/p>\n<p><a href=\"http:\/\/www.euroanaesthesia.org\/\" target=\"_blank\">Societatea European\u0103 de Anesteziologie<\/a><\/p>\n<p><a href=\"http:\/\/www.srati.ro\/\" target=\"_blank\">Societatea Rom\u00e2n\u0103 de Anestezie-Terapie Intensiv\u0103<\/a><\/p>\n<p><a href=\"http:\/\/www.jurnalul-anestezie.ro\/\" target=\"_blank\">Jurnalul Rom\u00e2n de Anestezie-Terapie Intensiv\u0103<\/a><\/p>\n<p><a href=\"http:\/\/www.euroviane.net\/\" target=\"_blank\">CEEA<\/a><\/p>\n<p><a href=\"http:\/\/www.atitimisoara.ro\/\" target=\"_blank\">ATI Timi\u0219oara<\/a><\/p>\n<p><a href=\"http:\/\/www.eurosiva.eu\/\" target=\"_blank\">EUROSIVA (European Society for Intravenous Anaesthesia)<\/a><\/p>\n<p><a href=\"http:\/\/www.cnrr.org\/index-ro.php\" target=\"_blank\">Consiliul Na\u021bional Rom\u00e2n de Resuscitare<\/a><\/p>\n<p>&nbsp;<\/p>\n<p>&nbsp;<\/p>\n<p>&nbsp;<\/p>\n<p>&nbsp;<\/p>\n<p>&nbsp;<\/p>\n<p>&nbsp;<\/p>\n<p>&nbsp;<\/p>\n","protected":false},"excerpt":{"rendered":"<p>Universitatea de Medicin\u0103 \u0219i Farmacie T\u00eergu Mure\u0219 Centrul de simulare si abilit\u0103\u021bi practice Spitalul Clinic Jude\u021bean de Urgen\u021b\u0103 T\u00eergu Mure\u0219 Jurnalul Acta Medica Marisiensis S.M.U.R.D. Societatea European\u0103 de Anesteziologie Societatea Rom\u00e2n\u0103 de Anestezie-Terapie Intensiv\u0103 Jurnalul Rom\u00e2n de Anestezie-Terapie Intensiv\u0103 CEEA &hellip; <a href=\"https:\/\/atimures.ro\/?page_id=14\">Continue reading <span class=\"meta-nav\">&rarr;<\/span><\/a><\/p>\n","protected":false},"author":2,"featured_media":0,"parent":0,"menu_order":9,"comment_status":"closed","ping_status":"closed","template":"","meta":{"footnotes":""},"class_list":["post-14","page","type-page","status-publish","hentry"],"_links":{"self":[{"href":"https:\/\/atimures.ro\/index.php?rest_route=\/wp\/v2\/pages\/14","targetHints":{"allow":["GET"]}}],"collection":[{"href":"https:\/\/atimures.ro\/index.php?rest_route=\/wp\/v2\/pages"}],"about":[{"href":"https:\/\/atimures.ro\/index.php?rest_route=\/wp\/v2\/types\/page"}],"author":[{"embeddable":true,"href":"https:\/\/atimures.ro\/index.php?rest_route=\/wp\/v2\/users\/2"}],"replies":[{"embeddable":true,"href":"https:\/\/atimures.ro\/index.php?rest_route=%2Fwp%2Fv2%2Fcomments&post=14"}],"version-history":[{"count":16,"href":"https:\/\/atimures.ro\/index.php?rest_route=\/wp\/v2\/pages\/14\/revisions"}],"predecessor-version":[{"id":767,"href":"https:\/\/atimures.ro\/index.php?rest_route=\/wp\/v2\/pages\/14\/revisions\/767"}],"wp:attachment":[{"href":"https:\/\/atimures.ro\/index.php?rest_route=%2Fwp%2Fv2%2Fmedia&parent=14"}],"curies":[{"name":"wp","href":"https:\/\/api.w.org\/{rel}","templated":true}]}}